{"id":761,"date":"2014-08-12T20:39:41","date_gmt":"2014-08-12T20:39:41","guid":{"rendered":"http:\/\/www.medeina.lt\/?page_id=761"},"modified":"2014-09-12T05:54:03","modified_gmt":"2014-09-12T05:54:03","slug":"2014-m-orientavimosi-sporto-kauno-medeinos-cempionato-ilgoje-trasoje-nuostatai","status":"publish","type":"page","link":"http:\/\/www.medeina.lt\/?page_id=761","title":{"rendered":"2014 m. ORIENTAVIMOSI SPORTO, KAUNO MEDEINOS \u010cEMPIONATO  ILGOJE TRASOJE NUOSTATAI"},"content":{"rendered":"<p><a href=\"http:\/\/www.medeina.lt\/wp-content\/uploads\/2014\/08\/nuostatai_kauno_cemp_2014-.doc\">Nuostatai spausdinimui .doc<\/a><\/p>\n<p>&nbsp;<\/p>\n<p><strong>TIKSLAS IR U\u017dDAVINIAI<\/strong><\/p>\n<p>Kauno Medeinos \u010dempionatas vykdomas siekiant populiarinti orientavimosi sport\u0105 Kaune bei \u0161alyje, i\u0161ai\u0161kinti paj\u0117giausius sportininkus visose am\u017eiaus grup\u0117se, ir geriau pasiruo\u0161ti likusiam orientavimosi sezonui.<br \/>\n<strong>Var\u017eybos itrauktos \u012f 2014 m. OLIF\u0116JOS veteran\u0173 taur\u0117s \u012fskait\u0105.<\/strong><\/p>\n<p>&nbsp;<\/p>\n<p><strong>ORGANIZATORIAI<\/strong><\/p>\n<p>\u010cempionat\u0105 rengia Kauno orientavimosi sporto klubas \u201eMedeina\u201c.<br \/>\nVyriausias teis\u0117jas \u2013 Tomas Bogu\u017einskas<br \/>\nSekretorius \u2013 Sigitas Jaug\u0117la<br \/>\nTras\u0173 planuotojas &#8211; Saulius Kireilis<\/p>\n<p>&nbsp;<\/p>\n<p><strong>VYKDYMO DATA IR VIETA<\/strong><\/p>\n<p>2014 m. rugs\u0117jo m\u0117n. 13 d. (\u0161e\u0161tadienis), startas 12 val., Kai\u0161iadori\u0173 r. sav, Medin\u0173 km. Kaukin\u0117s mi\u0161kas. \u017di\u016br\u0117ti <a href=\"http:\/\/www.maps.lt\/map\/default.aspx?lang=lt#obj=526525;6064776;Pa%C5%BEym%C4%97tas%20ta%C5%A1kas;&amp;xy=526631,6065005&amp;z=10000&amp;lrs=vector,stops,zebra\" target=\"blank_\">nuorod\u0105 <\/a>.<br \/>\nVar\u017eyb\u0173 vietos koordinat\u0117s:<br \/>\n526525, 6064776 (LKS)<br \/>\n54.718658, 24.411705 (WGS),<br \/>\n54\u00b0 43&#8242; 7.17&#8243;, 24\u00b0 24&#8242; 42.14&#8243; (WGS)<\/p>\n<p>&nbsp;<\/p>\n<p><strong>\u017dEM\u0116LAPIS, VIETOV\u0116 <\/strong><br \/>\nVar\u017eyb\u0173 rajonas &#8211; Kaukin\u0117s mi\u0161ko vakarin\u0117 dalis.<br \/>\nReljefo formos vidutin\u0117s ir smulkios, \u0161laitai iki 15 m. \u012evairaus dyd\u017eio ir form\u0173 protakomis sujungt\u0173, besileid\u017eian\u010di\u0173 pelki\u0173 ir pelku\u010di\u0173 sistema. Dauguma pelki\u0173 \u0161iuo metu sausos. Mi\u0161kas mi\u0161rus, gero ir vidutinio b\u0117gamumo. Keli\u0173, proskyn\u0173 ir tak\u0173 tinklas vidutinio tankumo, yra rajon\u0173 su traktori\u0173 v\u0117\u017e\u0117mis. Pernyk\u0161t\u0117s v\u0117\u017e\u0117s jau apaugusios \u017eole ir kai kur sunkiau pastebimos, bet \u017eem\u0117lapyje dar nepanaikintos.<br \/>\n\u017dem\u0117lapis atnaujintas 2014 m.<br \/>\n\u017dem\u0117lapio fragmentas:<br \/>\n<img src=\"http:\/\/www.medeina.lt\/wp-content\/uploads\/2014\/08\/zemelapioPvz2014.png\" alt=\"\" \/><br \/>\n<b>Mastelis V\/M 18, 20, VE, ME ,VA, MA, 35, 40 grup\u0117ms &#8211; 1:15 000, kitoms grup\u0117ms &#8211; 1:10 000,<\/b> horizontal\u0117s kas 2,5 metro. \u017dem\u0117lap\u012f sudar\u0117 Saulius Kireilis.<\/p>\n<p>&nbsp;<\/p>\n<p><strong> TRASOS, KONTROLINIAI PUNKTAI <\/strong><\/p>\n<table>\n<tbody>\n<tr>\n<td>VE<\/td>\n<td>11,9km<\/td>\n<td>26KP<\/td>\n<td>220m<\/td>\n<\/tr>\n<tr>\n<td>ME, V18, V20<\/td>\n<td>8,2km<\/td>\n<td>16KP<\/td>\n<td>140m<\/td>\n<\/tr>\n<tr>\n<tr>\n<td>VA, V35, V40<\/td>\n<td>7,7km<\/td>\n<td>17KP<\/td>\n<td>130m<\/td>\n<\/tr>\n<tr>\n<td>M18, M20<\/td>\n<td>5,8km<\/td>\n<td>16KP<\/td>\n<td>100m<\/td>\n<\/tr>\n<tr>\n<td>MA, M35, M40<\/td>\n<td>5,4km<\/td>\n<td>15KP<\/td>\n<td>90m<\/td>\n<\/tr>\n<tr>\n<td>V45, V50<\/td>\n<td>6,8km<\/td>\n<td>17KP<\/td>\n<td>120m<\/td>\n<\/tr>\n<tr>\n<td>M45, M50<\/td>\n<td>5km<\/td>\n<td>13KP<\/td>\n<td>90m<\/td>\n<\/tr>\n<tr>\n<td>V16, V55, V60<\/td>\n<td>5,9km<\/td>\n<td>16KP<\/td>\n<td>100m<\/td>\n<\/tr>\n<tr>\n<td>M55, M60, V65, V70<\/td>\n<td>4,5km<\/td>\n<td>13KP<\/td>\n<td>80m<\/td>\n<\/tr>\n<tr>\n<td>V14, M65, M70, V75<\/td>\n<td>3,1km<\/td>\n<td>10KP<\/td>\n<td>60m<\/td>\n<\/tr>\n<tr>\n<td>M75, V80, V85, V90<\/td>\n<td>1,7km<\/td>\n<td>6KP<\/td>\n<td>30m<\/td>\n<\/tr>\n<tr>\n<td>M16<\/td>\n<td>4,3km<\/td>\n<td>11KP<\/td>\n<td>80m<\/td>\n<\/tr>\n<tr>\n<td>M14<\/td>\n<td>2,4km<\/td>\n<td>8KP<\/td>\n<td>40m<\/td>\n<\/tr>\n<tr>\n<td>M12, V12<\/td>\n<td>1,7km<\/td>\n<td>5KP<\/td>\n<td>30m<\/td>\n<\/tr>\n<tr>\n<td>M10, V10 (markiruot\u0117)<\/td>\n<td>2km*<\/td>\n<td>5KP<\/td>\n<td>20m<\/td>\n<\/tr>\n<\/tbody>\n<\/table>\n<p>*M10,V10 Optimaliu-2km, markiruote-3km<\/p>\n<p>Atsi\u017eym\u0117jimas: Elektronin\u0117 atsi\u017eym\u0117jimo sistema \u2013 SportIdent, neturint kortel\u0117s &#8211; nuoma: M\/V 10\/18 &#8211; 1Lt, M\/V 20\/90 &#8211; 3Lt.<br \/>\nPametus nuomuot\u0105 SI kortel\u0119 mokama bauda atitinkanti SI kortel\u0117s kain\u0105.<\/p>\n<p>&nbsp;<\/p>\n<p><strong>VAR\u017dYB\u0172 DALYVIAI<\/strong><br \/>\nMedeinos \u010dempionato asmenin\u0117s var\u017eybos vykdomos atskiru startu b\u0117gte, nurodyta kryptimi.<br \/>\nDalyviai startuoja tokiose am\u017eiaus grup\u0117se:<br \/>\nV \u2013 10 (markiruot\u0117), 12, 14, 16, 18, 20, VE, VA, 35, 40, 45, 50, 55, 60, 65,70, 75, 90.<br \/>\nM \u2013 10 (markiruot\u0117), 12, 14, 16, 18, 20, ME, MA, 35, 40, 45, 50, 55, 60, 65, 70.<\/p>\n<p>&nbsp;<\/p>\n<p><strong>STARTO MOKESTIS<\/strong>:<\/p>\n<p>Starto mokestis gal\u012f b\u016bti mokamas grynaisiais pinigais var\u017eyb\u0173 vietoje arba pavedimu \u012f organizatori\u0173 s\u0105skait\u0105 banke:<br \/>\nGav\u0117jas: Kauno. orientavimosi sporto klubas \u201eMedeina\u201d<br \/>\nGav\u0117jo kodas: 193223913<br \/>\nGav\u0117jo s\u0105skaita: LT89 7044 0600 0310 4436<br \/>\nGav\u0117jo bankas: AB SEB bankas, banko kodas: 70440<br \/>\nGrynais var\u017eyb\u0173 vietoje: <\/p>\n<table>\n<tr>\n<td>Parai\u0161kos pateikimas<\/td>\n<td align=\"center\">M\/V 10-18<\/td>\n<td align=\"center\">M\/V 20, 65-90<\/td>\n<td align=\"center\">M\/V 21-60<\/td>\n<\/tr>\n<tr>\n<td>Iki 2014-09-09 (23:59)<\/td>\n<td align=\"center\">10 LT<\/td>\n<td align=\"center\">15 LT<\/td>\n<td align=\"center\">20 LT<\/td>\n<\/tr>\n<tr>\n<td>Po 2014-09-09<br \/>\n(esant laisvom vietoms)<\/td>\n<td align=\"center\">15 LT<\/td>\n<td align=\"center\">23 LT<\/td>\n<td align=\"center\">30 LT<\/td>\n<\/tr>\n<\/table>\n<p>U\u017e neatvykusi dalyv\u012f mokama pus\u0117 starto mokes\u010dio.<\/p>\n<p>&nbsp;<\/p>\n<p><strong>NUGAL\u0116TOJ\u0172 NUSTATYMAS IR APDOVANOJIMAS<\/strong><br \/>\nApdovanojami vis\u0173 am\u017eiaus grupi\u0173 nugal\u0117tojai ir prizininkai. Var\u017eybose dalyvi\u0173 vietos nustatomos pagal trasoje sugai\u0161t\u0105 laik\u0105.<br \/>\nDalyvi\u0173 apdovanojimas (var\u017eyb\u0173 u\u017edarymas) \u2013 15 val.<br \/>\nPastaba: vienoje grup\u0117je u\u017esiregistravus 3 dalyviams ir ma\u017eiau, grup\u0117s gali b\u016bti apjungtos organizatori\u0173 nuo\u017ei\u016bra.<\/p>\n<p>&nbsp;<\/p>\n<p><strong>PARAI\u0160K\u0172 IR DALYVI\u0172 PRI\u0116MIMO S\u0104LYGOS<\/strong><\/p>\n<p>I\u0161ankstin\u0117s vardin\u0117s parai\u0161kos pateikiamos iki 2014 m.rugs\u0117jo 9d. (antradienio vakaro) internetu <a href=\"http:\/\/www.dbtopas.lt\/takas\/lt\/varz\/2013042\" target=\"_blank\">dbtop&#8217;as<\/a> tinklalapyje arba &#8211; okmedeina@gmail.com<br \/>\nVar\u017eyb\u0173 vyriausias teis\u0117jas \u2013 Tomas Bogu\u017einskas tel. +370685 00480,<br \/>\nel. pa\u0161tas: bogameister@gmail.com<\/p>\n<p>&nbsp;<\/p>\n<p>&nbsp;<\/p>\n<p><a href=\"http:\/\/www.medeina.lt\/wp-content\/uploads\/2014\/08\/nuostatai_kauno_cemp_2014-.doc\">Nuostatai spausdinimui .doc<\/a><\/p>\n","protected":false},"excerpt":{"rendered":"<p>Nuostatai spausdinimui .doc &nbsp; TIKSLAS IR U\u017dDAVINIAI Kauno Medeinos \u010dempionatas vykdomas siekiant populiarinti orientavimosi sport\u0105 Kaune bei \u0161alyje, i\u0161ai\u0161kinti paj\u0117giausius sportininkus visose am\u017eiaus grup\u0117se, ir geriau pasiruo\u0161ti likusiam orientavimosi sezonui. Var\u017eybos itrauktos \u012f 2014 m. OLIF\u0116JOS veteran\u0173 taur\u0117s \u012fskait\u0105. &nbsp; ORGANIZATORIAI \u010cempionat\u0105 rengia Kauno orientavimosi sporto klubas \u201eMedeina\u201c. Vyriausias teis\u0117jas \u2013 Tomas Bogu\u017einskas Sekretorius \u2013<a class=\"read-more \" href=\"http:\/\/www.medeina.lt\/?page_id=761\" title=\"Read More\"> <span class=\"button default\">Read More<\/span><\/a><\/p>\n","protected":false},"author":1,"featured_media":0,"parent":0,"menu_order":0,"comment_status":"closed","ping_status":"closed","template":"","meta":[],"_links":{"self":[{"href":"http:\/\/www.medeina.lt\/index.php?rest_route=\/wp\/v2\/pages\/761"}],"collection":[{"href":"http:\/\/www.medeina.lt\/index.php?rest_route=\/wp\/v2\/pages"}],"about":[{"href":"http:\/\/www.medeina.lt\/index.php?rest_route=\/wp\/v2\/types\/page"}],"author":[{"embeddable":true,"href":"http:\/\/www.medeina.lt\/index.php?rest_route=\/wp\/v2\/users\/1"}],"replies":[{"embeddable":true,"href":"http:\/\/www.medeina.lt\/index.php?rest_route=%2Fwp%2Fv2%2Fcomments&post=761"}],"version-history":[{"count":21,"href":"http:\/\/www.medeina.lt\/index.php?rest_route=\/wp\/v2\/pages\/761\/revisions"}],"predecessor-version":[{"id":791,"href":"http:\/\/www.medeina.lt\/index.php?rest_route=\/wp\/v2\/pages\/761\/revisions\/791"}],"wp:attachment":[{"href":"http:\/\/www.medeina.lt\/index.php?rest_route=%2Fwp%2Fv2%2Fmedia&parent=761"}],"curies":[{"name":"wp","href":"https:\/\/api.w.org\/{rel}","templated":true}]}}