{"id":724,"date":"2013-04-06T13:17:30","date_gmt":"2013-04-06T13:17:30","guid":{"rendered":"http:\/\/www.medeina.lt\/?page_id=724"},"modified":"2013-04-11T18:09:18","modified_gmt":"2013-04-11T18:09:18","slug":"2013-kauno-cempionatas-aukstadvaris","status":"publish","type":"page","link":"http:\/\/www.medeina.lt\/?page_id=724","title":{"rendered":"2013 KAUNO ORIENTAVIMOSI SPORTO \u010cEMPIONATO ILGOJE TRASOJE NUOSTATAI"},"content":{"rendered":"<p><a href=\"http:\/\/www.medeina.lt\/wp-content\/uploads\/2013\/04\/nuostatai_kauno_cemp_2013.doc\">Nuostatai spausdinimui .doc<\/a><\/p>\n<p>&nbsp;<\/p>\n<p><strong>TIKSLAS IR U\u017dDAVINIAI<\/strong><\/p>\n<p>Kauno orientavimosi sporto \u010dempionatas vykdomas siekiant populiarinti orientavimosi sport\u0105 Kaune bei \u0161alyje, geriau pasiruo\u0161ti nacionalin\u0117ms bei tarptautin\u0117ms var\u017eyboms, i\u0161ai\u0161kinti paj\u0117giausias komandas ir sportininkus, atrinkti sportininkus dalyvauti Lietuvos \u010dempionatuose ar pirmenyb\u0117se.<br \/>\n<strong>Var\u017eybos itrauktos \u012f 2013 m. OLIF\u0116JOS veteran\u0173 taur\u0117s \u012fskait\u0105.<\/strong><\/p>\n<p>&nbsp;<\/p>\n<p><strong>ORGANIZATORIAI<\/strong><\/p>\n<p>Kauno orientavimosi sporto klubas Medeina. Vyriausias teis\u0117jas \u2013 Irina Misi\u016bnien\u0117, sekretorius \u2013 Jonas Gediminas Gvildys, tras\u0173 planuotojas Saulius Kireilis.<\/p>\n<p>&nbsp;<\/p>\n<p><strong>VYKDYMO DATA IR VIETA<\/strong><\/p>\n<p>2013 m. baland\u017eio m\u0117n. 28 d. (sekmadienis)<br \/>\nMergi\u0161ki\u0173 kalvos, Auk\u0161tadvaris, Velnio duob\u0117<br \/>\n<a href=\"http:\/\/www.maps.lt\/map\/default.aspx?lang=lt#obj=533210;6053114;Pa%C5%BEym%C4%97tas%20ta%C5%A1kas;&amp;xy=533901,6053045&amp;z=25000&amp;lrs=vector,stops,zebra\" target=\"_blank\">Atvykimo nuoroda<\/a><\/p>\n<p>&nbsp;<\/p>\n<p><strong>\u017dEM\u0116LAPIS, VIETOV\u0116 <\/strong><br \/>\nVar\u017eyb\u0173 rajonas <a href=\"http:\/\/www.dbtopas.lt\/takas\/lt\/zmlp\/1306\" target=\"_blank\">Mergi\u0161ki\u0173 kalv\u0173 mi\u0161ko masyvas <\/a>.<br \/>\nReljefo formos vidutin\u0117s ir stambios \u2013 iki 40 m auk\u0161\u010dio. Yra ir smulkesni\u0173 form\u0173 arba j\u0173 detali\u0173.<br \/>\nMi\u0161ko b\u0117gamumas labai \u012fvairus: nuo tanki\u0173 jaunuolyn\u0173 iki gerai b\u0117gamo mi\u0161ko.<br \/>\nPavasar\u012f mi\u0161kas dar nesu\u017e\u0117l\u0119s, tod\u0117l b\u0117gamumas visur geresnis negu pavaizduota \u017eem\u0117lapyje. Keli\u0173 ir proskyn\u0173 tinklas vidutinio tankumo.<br \/>\n\u017dem\u0117lapis i\u0161 pagrind\u0173 perdarytas 2012 m. vasar\u0105, panaudojant naujausias ortofotonuotraukas ir lazerinio \u017eem\u0117s pavir\u0161iaus skenavimo ta\u0161k\u0173 duomenis ir buvo naudojamas 2012 m. Lietuvos taur\u0117s var\u017eyboms. 2013 m. papildomai padarytas vienas kvartalas, kuris bus tik M 1:10 000 \u017eem\u0117lapyje.<br \/>\nM\/V 18, 20, M\/V, MB\/VB, 35, 40 grup\u0117ms \u017eem\u0117lapio mastelis 1: 15000, visoms kitoms  &#8211; mastelis 1:10000, horizontal\u0117s kas 2,5 m.<\/p>\n<p>&nbsp;<\/p>\n<p><strong>VAR\u017dYB\u0172 DALYVIAI IR PROGRAMA<\/strong><\/p>\n<p>Asmenin\u0117s var\u017eybos atskiru startu b\u0117gte, nurodyta kryptimi.<br \/>\nDalyviai startuoja tokiose am\u017eiaus grup\u0117se:<br \/>\nV \u2013 12, 14, 16, 18, 20, V, VB, 35, 40, 45, 50, 55, 60, 65, 70, 75, 85<br \/>\nM \u2013 12, 14, 16, 18, 20, M, MB, 35, 40, 45, 50, 55, 60, 65<br \/>\nPastaba: vienoje grup\u0117je u\u017esiregistravus ma\u017eiau nei 3 dalyviams, grup\u0117s bus apjungiamos organizatori\u0173 nuo\u017ei\u016bra.<\/p>\n<p><strong>Programa<\/strong>:<\/p>\n<p>&#8211; atvykimas ir registracija iki 11 val. var\u017eyb\u0173 centre;<br \/>\n&#8211; startas 12 val.;<br \/>\n&#8211; apdovanojimas planuojamas 15:00 val.<\/p>\n<p>&nbsp;<\/p>\n<p><strong>NUGAL\u0116TOJ\u0172 NUSTATYMAS IR APDOVANOJIMAS<\/strong><br \/>\nVis\u0173 am\u017eiaus grupi\u0173 nugal\u0117tojai ir prizininkai apdovanojami diplomais ir prizais, B grup\u0117s dalyviai d\u0117l \u010dempiono vardo nekovoja. Var\u017eybose dalyvi\u0173 vietos nustatomos pagal trasoje sugai\u0161t\u0105 laik\u0105. Apdovanojimus \u012fteikia var\u017eyb\u0173 vyr. teis\u0117jas.<\/p>\n<p>&nbsp;<\/p>\n<p><strong>REGISTRACIJA<\/strong><\/p>\n<p>I\u0161ankstin\u0117s vardin\u0117s parai\u0161kos pateikiamos iki 2013 m. baland\u017eio m\u0117n. 24 d. (tre\u010diadienio vakaro) internetu <a href=\"http:\/\/www.dbtopas.lt\/takas\/lt\/varz\/2013042\" target=\"_blank\">dbtop&#8217;as<\/a> tinklalapyje. Informacija +370 685 44020, Irina Misi\u016bnien\u0117.<\/p>\n<p>&nbsp;<\/p>\n<p><strong>STARTO MOKESTIS<\/strong><br \/>\nV.M. 12 \u201318       \t     \u00a0\u00a0\u00a0\u00a0\u00a0\u00a0\u00a0\u00a0\u00a0\u00a0\u00a0\u00a0\u00a0\u00a0\u00a0\u00a0\u00a0\u00a0\u00a0 10 Lt (+ SI kortel\u0117s nuomos mokestis 1 Lt)<br \/>\nV.M. 20 ir V.M. 65+\u00a0\u00a0\u00a0\u00a0\u00a0\u00a015 Lt (+ SI kortel\u0117s nuomos mokestis 3 Lt)<br \/>\nV.M. 21 \u2013 60\u00a0\u00a0\u00a0\u00a0\u00a0\u00a0\u00a0\u00a0\u00a0\u00a0\u00a0\u00a0\u00a0\u00a0\u00a0\u00a0\u00a0\u00a0\u00a020 Lt (+ SI kortel\u0117s nuomos mokestis 3 Lt)<br \/>\nGalima susimok\u0117ti var\u017eyb\u0173 vietoje. Registruojantis pav\u0117luotai starto mokestis didinamas 50%. U\u017e kiekvien\u0105 registruot\u0105, bet neatvykus\u012f dalyv\u012f klubo atstovas sumoka 50% starto mokes\u010dio baud\u0105, var\u017eyb\u0173 i\u0161laidoms padengti.<\/p>\n<p>&nbsp;<\/p>\n<p><strong>KITA INFORMACIJA<\/strong><br \/>\nAtsi\u017eym\u0117jimo sistema \u2013 Sport Ident. U\u017e pamest\u0105 i\u0161sinuomot\u0105 SI kortel\u0119 dalyviai atlygina vis\u0105 SI kortel\u0117s kain\u0105.<\/p>\n<p>Starto protokolai prie\u0161 var\u017eybas ir var\u017eyb\u0173 rezultatai po j\u0173 &#8211; UAB \u201eDB Topas\u201c tinklalapyje.<\/p>\n<p>U\u017e sportinink\u0173 sveikat\u0105 atsako juos siun\u010dianti organizacija arba patys sportininkai. Kelion\u0117s ir maitinimo i\u0161laidas apmoka komandiruojanti organizacija.<\/p>\n<p>&nbsp;<\/p>\n<p><a href=\"http:\/\/www.medeina.lt\/wp-content\/uploads\/2013\/04\/nuostatai_kauno_cemp_2013.doc\">Nuostatai spausdinimui .doc<\/a><\/p>\n","protected":false},"excerpt":{"rendered":"<p>Nuostatai spausdinimui .doc &nbsp; TIKSLAS IR U\u017dDAVINIAI Kauno orientavimosi sporto \u010dempionatas vykdomas siekiant populiarinti orientavimosi sport\u0105 Kaune bei \u0161alyje, geriau pasiruo\u0161ti nacionalin\u0117ms bei tarptautin\u0117ms var\u017eyboms, i\u0161ai\u0161kinti paj\u0117giausias komandas ir sportininkus, atrinkti sportininkus dalyvauti Lietuvos \u010dempionatuose ar pirmenyb\u0117se. Var\u017eybos itrauktos \u012f 2013 m. OLIF\u0116JOS veteran\u0173 taur\u0117s \u012fskait\u0105. &nbsp; ORGANIZATORIAI Kauno orientavimosi sporto klubas Medeina. Vyriausias teis\u0117jas<a class=\"read-more \" href=\"http:\/\/www.medeina.lt\/?page_id=724\" title=\"Read More\"> <span class=\"button default\">Read More<\/span><\/a><\/p>\n","protected":false},"author":1,"featured_media":0,"parent":0,"menu_order":0,"comment_status":"closed","ping_status":"closed","template":"","meta":[],"_links":{"self":[{"href":"http:\/\/www.medeina.lt\/index.php?rest_route=\/wp\/v2\/pages\/724"}],"collection":[{"href":"http:\/\/www.medeina.lt\/index.php?rest_route=\/wp\/v2\/pages"}],"about":[{"href":"http:\/\/www.medeina.lt\/index.php?rest_route=\/wp\/v2\/types\/page"}],"author":[{"embeddable":true,"href":"http:\/\/www.medeina.lt\/index.php?rest_route=\/wp\/v2\/users\/1"}],"replies":[{"embeddable":true,"href":"http:\/\/www.medeina.lt\/index.php?rest_route=%2Fwp%2Fv2%2Fcomments&post=724"}],"version-history":[{"count":23,"href":"http:\/\/www.medeina.lt\/index.php?rest_route=\/wp\/v2\/pages\/724\/revisions"}],"predecessor-version":[{"id":755,"href":"http:\/\/www.medeina.lt\/index.php?rest_route=\/wp\/v2\/pages\/724\/revisions\/755"}],"wp:attachment":[{"href":"http:\/\/www.medeina.lt\/index.php?rest_route=%2Fwp%2Fv2%2Fmedia&parent=724"}],"curies":[{"name":"wp","href":"https:\/\/api.w.org\/{rel}","templated":true}]}}