{"id":46,"date":"2010-05-04T07:40:33","date_gmt":"2010-05-04T07:40:33","guid":{"rendered":"http:\/\/www.thecrystal.lt\/wordpress\/?page_id=46"},"modified":"2026-04-07T11:26:25","modified_gmt":"2026-04-07T11:26:25","slug":"varzybos","status":"publish","type":"page","link":"http:\/\/www.medeina.lt\/?page_id=46","title":{"rendered":"Var\u017eybos"},"content":{"rendered":"<table border=\"1\" width=\"100%\" align=\"top\">\n<tbody>\n<tr>\n<td><strong>Data<\/strong><\/td>\n<td><strong>Pavadinimas<\/strong><\/td>\n<td><strong>\u017dem\u0117lapis<\/strong><\/td>\n<td><strong>Distancininkas<\/strong><\/td>\n<td><strong>Vyr.teis\u0117jas<\/strong><\/td>\n<td><strong>Dalyviai<\/strong><\/td>\n<\/tr>\n<tr>\n<td><strong>2026.04.11-12<\/strong><\/td>\n<td><strong><a href=\"https:\/\/dbsportas.lt\/lt\/varz\/2026001\" target=\"_blank\" rel=\"noopener\"><span style=\"color: red;\">Pavasario Taur\u0117 (SpringCup)<\/span><\/a><\/strong><\/td>\n<td><strong>Trako-Milky\u010di\u0173, Lazdij\u0173 raj.<\/strong><\/td>\n<td><strong>A. Mur\u0117nas<\/strong><br \/>\n<strong>R. Kutka<\/strong><\/td>\n<td><strong>M. Dr\u016blia<\/strong><\/td>\n<td><\/td>\n<\/tr>\n<tr>\n<td>2025.04.12-13<\/td>\n<td><a href=\"https:\/\/dbsportas.lt\/lt\/varz\" target=\"_blank\" rel=\"noopener\">Pavasario Taur\u0117 (SpringCup)<\/a><\/td>\n<td>Ravai-<br \/>\n\u0160afarn\u0117,<br \/>\nAuk\u0161tadvaris<\/td>\n<td>R.Kutka<\/td>\n<td>V.Gipas<\/td>\n<td>504<\/td>\n<\/tr>\n<tr>\n<td>2024.09.01<\/td>\n<td><a href=\"https:\/\/dbsportas.lt\/lt\/varz\/2024132\" target=\"_blank\" rel=\"noopener\">Lietuvos OSKD \u010dempionatas estafet\u0117<\/a><\/td>\n<td>Panemun\u0117<\/td>\n<td>K.Mur\u0117nas<\/td>\n<td>A.Mur\u0117nas<\/td>\n<td>152<\/td>\n<\/tr>\n<tr>\n<td>2024.08.31<\/td>\n<td><a href=\"https:\/\/dbsportas.lt\/lt\/varz\/2024131\" target=\"_blank\" rel=\"noopener\">Lietuvos OSKD \u010dempionatas sprinto trasoje<\/a><\/td>\n<td>Panemun\u0117<\/td>\n<td>K.Mur\u0117nas<\/td>\n<td>A.Mur\u0117nas<\/td>\n<td>188<\/td>\n<\/tr>\n<tr>\n<td>2024.04.20-21<\/td>\n<td><a href=\"https:\/\/dbsportas.lt\/lt\/varz\/2024015\" target=\"_blank\" rel=\"noopener\">Pavasario Taur\u0117 (SpringCup) 2xWRE<\/a><\/td>\n<td>Rangava, Auk\u0161tadvaris<\/td>\n<td>R.Kutka<\/td>\n<td>M.Gipas<\/td>\n<td>498<\/td>\n<\/tr>\n<tr>\n<td>2023.04.22-23<\/td>\n<td><a href=\"http:\/\/www.springcup.lt\/\" target=\"_blank\" rel=\"noopener\">Pavasario Taur\u0117 (SpringCup) 2xWRE<\/a><\/td>\n<td>Burbi\u0161k\u0117s, Vievio seni\u016bnija<\/td>\n<td>R.Kutka<\/td>\n<td>L.Ramanauskas<\/td>\n<td>474<\/td>\n<\/tr>\n<tr>\n<td>2022.04.23-24<\/td>\n<td><a href=\"http:\/\/www.springcup.lt\/\" target=\"_blank\" rel=\"noopener\">Pavasario Taur\u0117 (SpringCup) 2xWRE<\/a><\/td>\n<td>Burbi\u0161k\u0117s, Vievio seni\u016bnija<\/td>\n<td>R.Kutka<\/td>\n<td>L.Ramanauskas<\/td>\n<td>412<\/td>\n<\/tr>\n<tr>\n<td>2022.03.26<\/td>\n<td><a href=\"https:\/\/dbsportas.lt\/document.php?varz=2022015&amp;nr=963\" target=\"_blank\" rel=\"noopener\">Kauno estafet\u0117s<\/a><\/td>\n<td>Gastilionys<\/td>\n<td>M.Gipas<\/td>\n<td>A.Mur\u0117nas<\/td>\n<td>319<\/td>\n<\/tr>\n<tr>\n<td>2021.09.11-12<\/td>\n<td><a href=\"http:\/\/www.springcup.lt\/\" target=\"_blank\" rel=\"noopener\">Pavasario Taur\u0117 (SpringCup) 2xWRE<\/a><\/td>\n<td>Burbi\u0161k\u0117s, Vievio seni\u016bnija<\/td>\n<td>R.Kutka<\/td>\n<td>R.Kutka<\/td>\n<td>299<\/td>\n<\/tr>\n<tr>\n<td>2021.02.14<\/td>\n<td><a href=\"https:\/\/dbsportas.lt\/en\/varz\/2021010\" target=\"_blank\" rel=\"noopener\">Lietuvos OSS \u010demp. estafet\u0117<\/a><\/td>\n<td>Panemun\u0117, Kaunas<\/td>\n<td>R.Kutka<\/td>\n<td>A.Mur\u0117nas<\/td>\n<td>158<\/td>\n<\/tr>\n<tr>\n<td>2021.02.13<\/td>\n<td><a href=\"https:\/\/dbsportas.lt\/en\/varz\/2021009\" target=\"_blank\" rel=\"noopener\">Lietuvos OSS \u010demp. sprinto estafet\u0117<\/a><\/td>\n<td>Panemun\u0117, Kaunas<\/td>\n<td>R.Kutka<\/td>\n<td>A.Mur\u0117nas<\/td>\n<td>306<\/td>\n<\/tr>\n<tr>\n<td>2020.09.26<\/td>\n<td><a href=\"http:\/\/www.springcup.lt\/\" target=\"_blank\" rel=\"noopener\">Pavasario Taur\u0117s (SpringCup) 2021 Test Run<\/a><\/td>\n<td>Rykantai<\/td>\n<td>R.Kutka<\/td>\n<td>R.Kutka<\/td>\n<td>106<\/td>\n<\/tr>\n<tr>\n<td>2020.09.05-06<\/td>\n<td><a href=\"http:\/\/www.medeina.lt\/nuostatai\/LC_ilga_estafete_2020_biuletenis_4.pdf\">Lietuvos \u010dempionatas ilgoje ir estafe\u010di\u0173 trasose<\/a><\/td>\n<td>Kiby\u0161i\u0173 mi\u0161kas<\/td>\n<td>E. Kukenys<\/td>\n<td>A. Mur\u0117nas<\/td>\n<td>461\/501<\/td>\n<\/tr>\n<tr>\n<td>2019.10.05<\/td>\n<td><a href=\"http:\/\/www.medeina.lt\/nuostatai\/LC_labai_ilga_2019.pdf\">Lietuvos \u010dempionatas &#8211; labai ilga<\/a><\/td>\n<td>Semeli\u0161k\u0117s<\/td>\n<td>E.Kukenys<\/td>\n<td>M.Dr\u016blia<\/td>\n<td>162<\/td>\n<\/tr>\n<tr>\n<td>2019.04.13-14<\/td>\n<td><a href=\"http:\/\/www.medeina.lt\/\" target=\"_blank\" rel=\"noopener\">Pavasario taur\u0117 (Spring Cup) WRE<\/a><\/td>\n<td>Vievis<\/td>\n<td>R.Kutka<\/td>\n<td>R.Kutka<\/td>\n<td>615<\/td>\n<\/tr>\n<tr>\n<td>2018.10.13-14<\/td>\n<td><a href=\"https:\/\/dbsportas.lt\/lt\/varz\/2018035\" target=\"_blank\" rel=\"noopener\">Lietuvos taur\u0117<\/a><\/td>\n<td>Druskininkai<\/td>\n<td>E. Kukenys<\/td>\n<td>T. Bogu\u017einskas<\/td>\n<td>765<\/td>\n<\/tr>\n<tr>\n<td>2018.04.21-22<\/td>\n<td><a href=\"http:\/\/www.springcup.lt\/\" target=\"_blank\" rel=\"noopener\">Pavasario taur\u0117 (Spring Cup) WRE<\/a><\/td>\n<td>Bona Natura, Trak\u0173 rajonas<\/td>\n<td>R. Kutka<\/td>\n<td>R. Kutka<\/td>\n<td>599<\/td>\n<\/tr>\n<tr>\n<td>2018.03.31<\/td>\n<td><a href=\"http:\/\/www.medeina.lt\/?page_id=2199\" target=\"_blank\" rel=\"noopener\">Kauno estafet\u0117s 2018<\/a><\/td>\n<td>\u017dv\u0117rin\u010diaus mi\u0161kas<\/td>\n<td>A.Smilgius<\/td>\n<td>L.Ramanauskas<\/td>\n<td>331<\/td>\n<\/tr>\n<tr>\n<td>2017.04.29-30<\/td>\n<td><a href=\"http:\/\/www.springcup.lt\/\" target=\"_blank\" rel=\"noopener\">Pavasario taur\u0117 (Spring Cup) WRE<\/a><\/td>\n<td>\u017daizdriai, Trak\u0173 raj.<\/td>\n<td>R.Kutka<\/td>\n<td>D.La\u017einskien\u0117<\/td>\n<td>568<\/td>\n<\/tr>\n<tr>\n<td>2016.09.16<\/td>\n<td><a href=\"http:\/\/www.medeina.lt\/?page_id=1362\">Lietuvos klub\u0173 taur\u0117<\/a><\/td>\n<td>\u0160iluvos mi\u0161kas<\/td>\n<td>E.Kukenys<\/td>\n<td>E.Gaigalas<\/td>\n<td>386<\/td>\n<\/tr>\n<tr>\n<td>2016.04.02<\/td>\n<td><a href=\"http:\/\/www.medeina.lt\/?page_id=1314\">Kauno estafet\u0117s 2016<\/a><\/td>\n<td>Dergioni\u0173 mi\u0161kas, Elektr\u0117n\u0173 sav.<\/td>\n<td>E.Kukenys<\/td>\n<td>T.Bogu\u017einskas<\/td>\n<td>388<\/td>\n<\/tr>\n<tr>\n<td>2016.04.16-17<\/td>\n<td><a href=\"http:\/\/www.springcup.lt\" target=\"_blank\" rel=\"noopener\">Pavasario taur\u0117 (Spring Cup) WRE<\/a><\/td>\n<td>Kudrioni\u0173 poilsio Kompleksas<\/td>\n<td>R.Kutka<\/td>\n<td>D.La\u017einskien\u0117<\/td>\n<td>533<\/td>\n<\/tr>\n<tr>\n<td>2015.05.16<\/td>\n<td><a href=\"http:\/\/www.medeina.lt\/?page_id=1046\">Kauno \u010dempionatas(ilga)<\/a><\/td>\n<td>\u010ciobi\u0161kio mi\u0161kas, \u0160irvint\u0173 raj.<\/td>\n<td>E.Kukenys<\/td>\n<td>A.Vaitiekus<\/td>\n<td>181<\/td>\n<\/tr>\n<tr>\n<td>2015.04.12<\/td>\n<td><a href=\"http:\/\/www.medeina.lt\/?page_id=1028\">Kauno estafet\u0117<\/a><\/td>\n<td>Varnab\u016bd\u0117s mi\u0161kas<\/td>\n<td>G.\u016asas<\/td>\n<td>S.Ramo\u0161ka<\/td>\n<td>348<\/td>\n<\/tr>\n<tr>\n<td>2014.09.13<\/td>\n<td><a href=\"http:\/\/www.medeina.lt\/?page_id=761\">Kauno \u010dempionatas(ilga)<\/a><\/td>\n<td>Kaukin\u0117s mi\u0161kas, Kai\u0161iadori\u0173 r.<\/td>\n<td>S.Kireilis<\/td>\n<td>T.Bogu\u017einskas<\/td>\n<td>131<\/td>\n<\/tr>\n<tr>\n<td>2013.04.28<\/td>\n<td><a href=\"http:\/\/www.medeina.lt\/?page_id=724\">Kauno \u010dempionatas(ilga)<\/a><\/td>\n<td>Mergi\u0161ki\u0173 kalvos, Auk\u0161tadvaris<\/td>\n<td>S.Kireilis<\/td>\n<td>I.Misi\u016bnien\u0117<\/td>\n<td>186<\/td>\n<\/tr>\n<tr>\n<td>2012.04.29<\/td>\n<td><a href=\"http:\/\/www.medeina.lt\/?page_id=584\"> Kauno \u010dempionatas(ilga)<\/a><\/td>\n<td>Astragai, Rum\u0161i\u0161ki\u0173 sen.<\/td>\n<td>R.Kutka<\/td>\n<td>R.Kutka<\/td>\n<td>126<\/td>\n<\/tr>\n<tr>\n<td>2011.06.04<\/td>\n<td><a href=\"http:\/\/www.medeina.lt\/?page_id=383\"> Kauno \u010dempionatas(ilga)<\/a><\/td>\n<td>Rum\u0161i\u0161k\u0117s<\/td>\n<td>R.Kutka<\/td>\n<td>R.Kutka<\/td>\n<td>301<\/td>\n<\/tr>\n<tr>\n<td>2010.05.02<\/td>\n<td><a href=\"http:\/\/www.medeina.lt\/kc2010.htm\">Kauno \u010dempionatas(ilga)<\/a><\/td>\n<td>\u0160ventininkai<\/td>\n<td>R.Kutka<\/td>\n<td>K.Janu\u0161auskas<\/td>\n<td>354<\/td>\n<\/tr>\n<tr>\n<td>2009.05.02<\/td>\n<td><a href=\"http:\/\/www.medeina.lt\/kc2009.htm\">Kauno \u010dempionatas(ilga)<\/a><\/td>\n<td>Rusakalnis, Elektr\u0117n\u0173 sav.<\/td>\n<td>R.Kutka<\/td>\n<td>T.Ver\u0161inskas<\/td>\n<td>324<\/td>\n<\/tr>\n<tr>\n<td>2008.04.13<\/td>\n<td><a href=\"http:\/\/www.medeina.lt\/kc2008.htm\">Kauno \u010dempionatas(ilga)<\/a><\/td>\n<td>Pastr\u0117vys, Pagrendos mi\u0161kas<\/td>\n<td>V.Gipas<\/td>\n<td>T.Ver\u0161inskas<\/td>\n<td>320<\/td>\n<\/tr>\n<tr>\n<td>2007.04.21<\/td>\n<td><a href=\"http:\/\/www.dbtopas.lt\/takas\/varzybos.php?varz=2007018\" target=\"_blank\" rel=\"noopener\">Kauno \u010dempionatas(ilga)<\/a><\/td>\n<td>Paverkn\u0117s mi\u0161kas<\/td>\n<td>K.Janu\u0161auskas<\/td>\n<td>J.Ra\u017eaitien\u0117 I.Misi\u016bnien\u0117<\/td>\n<td>249<\/td>\n<\/tr>\n<tr>\n<td>2006.05.06<\/td>\n<td><a href=\"http:\/\/www.dbtopas.lt\/takas\/varzybos.php?varz=2006017\" target=\"_blank\" rel=\"noopener\">Kauno \u010dempionatas(vidutin\u0117)<\/a><\/td>\n<td>Stro\u0161i\u016bn\u0173 \u0161ilas (Geri vakarai)<\/td>\n<td>R.Kutka<\/td>\n<td>J.Ra\u017eaitien\u0117<\/td>\n<td>382<\/td>\n<\/tr>\n<tr>\n<td>2005.04.16<\/td>\n<td><a href=\"http:\/\/www.dbtopas.lt\/takas\/varzybos.php?varz=2005010\" target=\"_blank\" rel=\"noopener\">Kauno \u010dempionatas(ilga)<\/a><\/td>\n<td>Prienai (Me\u0161kapievis)<\/td>\n<td>S.Kireilis<\/td>\n<td>I.Misi\u016bnien\u0117<\/td>\n<td>361<\/td>\n<\/tr>\n<tr>\n<td>2004.04.17<\/td>\n<td><a href=\"http:\/\/www.dbtopas.lt\/takas\/varzybos.php?varz=2004003\" target=\"_blank\" rel=\"noopener\">Kauno \u010dempionatas<\/a><\/td>\n<td>Vilkija (Ringov\u0117s mi\u0161kas)<\/td>\n<td>S.Kireilis<\/td>\n<td>V.Kutkien\u0117<\/td>\n<td>330<\/td>\n<\/tr>\n<tr>\n<td>2003.04.12<\/td>\n<td><a href=\"http:\/\/www.dbtopas.lt\/takas\/varzybos.php?varz=2003011\" target=\"_blank\" rel=\"noopener\">Kauno \u010dempionatas<\/a><\/td>\n<td>Tur\u017e\u0117nai<\/td>\n<td>R.Kutka<\/td>\n<td>V.Kutkien\u0117<\/td>\n<td>345<\/td>\n<\/tr>\n<tr>\n<td>2002.09.01<\/td>\n<td><a href=\"http:\/\/www.dbtopas.lt\/takas\/varzybos.php?varz=2002005\" target=\"_blank\" rel=\"noopener\">Kauno \u010dempionatas<\/a><\/td>\n<td>Auk\u0161tadvaris (Antaver\u0161io mi\u0161kas)<\/td>\n<td>S.Kireilis<\/td>\n<td>L.Sasnauskas<\/td>\n<td>246<\/td>\n<\/tr>\n<tr>\n<td>2001.10.14<\/td>\n<td><a href=\"http:\/\/www.dbtopas.lt\/takas\/varzybos.php?varz=2001011\" target=\"_blank\" rel=\"noopener\">Kauno taur\u0117<\/a><\/td>\n<td>Str\u0117va (Spind\u017eio mi\u0161kas)<\/td>\n<td>S.Kireilis<\/td>\n<td>V.Kutkien\u0117<\/td>\n<td>205<\/td>\n<\/tr>\n<tr>\n<td>2001.05.20<\/td>\n<td><a href=\"http:\/\/www.dbtopas.lt\/takas\/varzybos.php?varz=2001010\" target=\"_blank\" rel=\"noopener\">Kauno \u010dempionatas<\/a><\/td>\n<td>Kulautuva<\/td>\n<td>R.Kutka<\/td>\n<td>V.Misi\u016bnas<\/td>\n<td>317<\/td>\n<\/tr>\n<tr>\n<td>2000.09.17<\/td>\n<td><a href=\"http:\/\/www.dbtopas.lt\/takas\/varzybos.php?varz=2000002\" target=\"_blank\" rel=\"noopener\">Kauno taur\u0117<\/a><\/td>\n<td>Prienai (Ma\u010di\u016bn\u0173 mi\u0161kas)<\/td>\n<td>R.Kutka<\/td>\n<td>I.Misi\u016bnien\u0117<\/td>\n<td>260<\/td>\n<\/tr>\n<tr>\n<td>1999.09.18<\/td>\n<td>Kauno taur\u0117<\/td>\n<td>Grabuci\u0161k\u0117s<\/td>\n<td>V.Gipas<\/td>\n<td>&#8211;<\/td>\n<td>&#8211;<\/td>\n<\/tr>\n<tr>\n<td>1999.05<\/td>\n<td>Kauno \u010dempionatas<\/td>\n<td>Svilonys<\/td>\n<td>R.Kutka<\/td>\n<td>&#8211;<\/td>\n<td>&#8211;<\/td>\n<\/tr>\n<tr>\n<td>1998.09.19<\/td>\n<td><a href=\"http:\/\/www.dbtopas.lt\/takas\/varzybos.php?varz=1998001\" target=\"_blank\" rel=\"noopener\">Kauno taur\u0117<\/a><\/td>\n<td>Lek\u0117\u010diai<\/td>\n<td>A.Smilgius<\/td>\n<td>I.Grigali\u016bnait\u0117<\/td>\n<td>247<\/td>\n<\/tr>\n<tr>\n<td>1997.09.07<\/td>\n<td>Kauno taur\u0117<\/td>\n<td>Abromi\u0161k\u0117s<\/td>\n<td>R.Kutka<\/td>\n<td>I.Grigali\u016bnait\u0117<\/td>\n<td>&#8211;<\/td>\n<\/tr>\n<tr>\n<td>1995.09.16<\/td>\n<td>Kauno taur\u0117<\/td>\n<td>Elektr\u0117nai<\/td>\n<td>R.Kutka<\/td>\n<td>&#8211;<\/td>\n<td>132<\/td>\n<\/tr>\n<tr>\n<td>1994.09.10<\/td>\n<td>Kauno taur\u0117<\/td>\n<td>Pakumprys<\/td>\n<td>S.Kireilis<\/td>\n<td>&#8211;<\/td>\n<td>163<\/td>\n<\/tr>\n<tr>\n<td>1992.09.13<\/td>\n<td>Lietuvos klub\u0173 taur\u0117<\/td>\n<td>Elektr\u0117nai<\/td>\n<td>R.Kutka<\/td>\n<td>&#8211;<\/td>\n<td>&#8211;<\/td>\n<\/tr>\n<tr>\n<td>1992.05.31<\/td>\n<td>Persekiojimo var\u017eybos<\/td>\n<td>Guld\u0117nai<\/td>\n<td>R.Kutka<\/td>\n<td>&#8211;<\/td>\n<td>72<\/td>\n<\/tr>\n<tr>\n<td>1991.09.29<\/td>\n<td>OK Medeina sprintas<\/td>\n<td>Murava<\/td>\n<td>R.Kutka<\/td>\n<td>&#8211;<\/td>\n<td>&#8211;<\/td>\n<\/tr>\n<tr>\n<td>1991.05.26<\/td>\n<td>Persekiojimo var\u017eybos<\/td>\n<td>Rum\u0161i\u0161k\u0117s<\/td>\n<td>V.Gipas<\/td>\n<td>&#8211;<\/td>\n<td>&#8211;<\/td>\n<\/tr>\n<tr>\n<td>1990.10.12-13<\/td>\n<td>Lietuvos Taur\u0117<\/td>\n<td>Katlaukis<\/td>\n<td>V.Nekra\u0161as<\/td>\n<td>&#8211;<\/td>\n<td>&#8211;<\/td>\n<\/tr>\n<tr>\n<td>1990.09.23<\/td>\n<td>Medeinos sprintas<\/td>\n<td>Kapitoni\u0161k\u0117s<\/td>\n<td>S.Bago\u010diunas<\/td>\n<td>&#8211;<\/td>\n<td>&#8211;<\/td>\n<\/tr>\n<tr>\n<td>1990.09.16<\/td>\n<td>Ma\u010das Kaunas-Vilnius<\/td>\n<td>Auk\u0161tadvaris<\/td>\n<td>R.Kutka<\/td>\n<td>R.Kutka<\/td>\n<td>167<\/td>\n<\/tr>\n<tr>\n<td>1990.05.19<\/td>\n<td>Handikapas 90<\/td>\n<td>Murava<\/td>\n<td>V.Gipas<\/td>\n<td>&#8211;<\/td>\n<td>133<\/td>\n<\/tr>\n<tr>\n<td>1989.09.23<\/td>\n<td>Medeinos sprintas<\/td>\n<td>Pa\u017eaislis<\/td>\n<td>S.Bago\u010diunas<\/td>\n<td>&#8211;<\/td>\n<td>107<\/td>\n<\/tr>\n<tr>\n<td>1989.04.23<\/td>\n<td>Handikapas 89<\/td>\n<td>Guld\u0117nai<\/td>\n<td>R.Kutka<\/td>\n<td>&#8211;<\/td>\n<td>&#8211;<\/td>\n<\/tr>\n<\/tbody>\n<\/table>\n","protected":false},"excerpt":{"rendered":"<p>Data Pavadinimas \u017dem\u0117lapis Distancininkas Vyr.teis\u0117jas Dalyviai 2026.04.11-12 Pavasario Taur\u0117 (SpringCup) Trako-Milky\u010di\u0173, Lazdij\u0173 raj. A. Mur\u0117nas R. Kutka M. Dr\u016blia 2025.04.12-13 Pavasario Taur\u0117 (SpringCup) Ravai- \u0160afarn\u0117, Auk\u0161tadvaris R.Kutka V.Gipas 504 2024.09.01 Lietuvos OSKD \u010dempionatas estafet\u0117 Panemun\u0117 K.Mur\u0117nas A.Mur\u0117nas 152 2024.08.31 Lietuvos OSKD \u010dempionatas sprinto trasoje Panemun\u0117 K.Mur\u0117nas A.Mur\u0117nas 188 2024.04.20-21 Pavasario Taur\u0117 (SpringCup) 2xWRE Rangava, Auk\u0161tadvaris<a class=\"read-more \" href=\"http:\/\/www.medeina.lt\/?page_id=46\" title=\"Read More\"> <span class=\"button default\">Read More<\/span><\/a><\/p>\n","protected":false},"author":1,"featured_media":0,"parent":0,"menu_order":3,"comment_status":"closed","ping_status":"closed","template":"","meta":[],"_links":{"self":[{"href":"http:\/\/www.medeina.lt\/index.php?rest_route=\/wp\/v2\/pages\/46"}],"collection":[{"href":"http:\/\/www.medeina.lt\/index.php?rest_route=\/wp\/v2\/pages"}],"about":[{"href":"http:\/\/www.medeina.lt\/index.php?rest_route=\/wp\/v2\/types\/page"}],"author":[{"embeddable":true,"href":"http:\/\/www.medeina.lt\/index.php?rest_route=\/wp\/v2\/users\/1"}],"replies":[{"embeddable":true,"href":"http:\/\/www.medeina.lt\/index.php?rest_route=%2Fwp%2Fv2%2Fcomments&post=46"}],"version-history":[{"count":147,"href":"http:\/\/www.medeina.lt\/index.php?rest_route=\/wp\/v2\/pages\/46\/revisions"}],"predecessor-version":[{"id":2667,"href":"http:\/\/www.medeina.lt\/index.php?rest_route=\/wp\/v2\/pages\/46\/revisions\/2667"}],"wp:attachment":[{"href":"http:\/\/www.medeina.lt\/index.php?rest_route=%2Fwp%2Fv2%2Fmedia&parent=46"}],"curies":[{"name":"wp","href":"https:\/\/api.w.org\/{rel}","templated":true}]}}