{"id":383,"date":"2011-04-27T09:26:17","date_gmt":"2011-04-27T09:26:17","guid":{"rendered":"http:\/\/www.medeina.lt\/?page_id=383"},"modified":"2011-05-31T10:47:54","modified_gmt":"2011-05-31T10:47:54","slug":"kauno-cempionatas-ilga-trasa","status":"publish","type":"page","link":"http:\/\/www.medeina.lt\/?page_id=383","title":{"rendered":"Kauno \u010dempionatas (ilga trasa)"},"content":{"rendered":"<p><a href=\"http:\/\/www.medeina.lt\/wp-content\/uploads\/2011\/05\/nuostatai_kauno_cemp_2011.doc\">Nuostatai spausdinimui .doc<\/a><\/p>\n<p>&nbsp;<\/p>\n<p><strong>TIKSLAS IR U\u017dDAVINIAI<\/strong><\/p>\n<p>Atviras \u010dempionatas vykdomas siekiant populiarinti orientavimosi sport\u0105 Kaune bei \u0161alyje,<br \/>\ngeriau pasiruo\u0161ti nacionalin\u0117ms bei tarptautin\u0117ms var\u017eyboms, i\u0161ai\u0161kinti paj\u0117giausias komandas ir<br \/>\nsportininkus visose am\u017eiaus grup\u0117se, atrinkti sportininkus dalyvauti Lietuvos \u010dempionatuose.<\/p>\n<p>&nbsp;<\/p>\n<p><strong>ORGANIZATORIAI<\/strong><\/p>\n<p>\u010cempionat\u0105 rengia Kauno orientavimosi sporto klubas \u201eMedeina\u201c kartu su Kauno miesto<br \/>\nsavivaldyb\u0117s administracijos Socialini\u0173 reikal\u0173 departamento K\u016bno kult\u016bros ir sporto skyriumi.<\/p>\n<p>&nbsp;<\/p>\n<p><strong>VYKDYMO DATA IR VIETA<\/strong><\/p>\n<p>2011 m. bir\u017eelio m\u0117n. 4 d. (\u0161e\u0161tadienis), startas 12 val., dalyvi\u0173 apdovanojimas (var\u017eyb\u0173<br \/>\nu\u017edarymas) \u2013 15.00<br \/>\nKai\u0161iadori\u0173 r. sav., Rum\u0161iski\u0173 sen. Gastilioni\u0173 mi\u0161kas, \u017ei\u016br\u0117ti <a href=\"http:\/\/www.maps.lt\/map\/?lang=lt#obj=509474;6084053;Pa%C5%BEym%C4%97tas%20ta%C5%A1kas;&amp;xy=509486,6084074&amp;z=5000&amp;lrs=orthophoto,stops,zebra,orthophoto_2010 \" target=\"_blank\">nuorod\u0105<\/a><br \/>\nGPS Koordinat\u0117s:<br \/>\n509478,6084067(LKS)<br \/>\n54.892595, 24.147738 (WGS)<br \/>\n\u017dem\u0117lapis perdarytas i\u0161 pagrind\u0173 2011, panaudojant LIDAR duomenis. Mastelis 1:10 000,<br \/>\nHorizontal\u0117s kas 2,5 metro<\/p>\n<div class='gallery'><dl class='gallery-item'>\n\t\t\t<dt class='gallery-icon portrait'>\n\t\t\t\t<a href='http:\/\/www.medeina.lt\/?attachment_id=428'><img width=\"150\" height=\"150\" src=\"http:\/\/www.medeina.lt\/wp-content\/uploads\/2011\/04\/Pavyzd1-150x150.jpg\" class=\"attachment-thumbnail size-thumbnail\" alt=\"\" loading=\"lazy\" \/><\/a>\n\t\t\t<\/dt><\/dl><dl class='gallery-item'>\n\t\t\t<dt class='gallery-icon portrait'>\n\t\t\t\t<a href='http:\/\/www.medeina.lt\/?attachment_id=429'><img width=\"150\" height=\"150\" src=\"http:\/\/www.medeina.lt\/wp-content\/uploads\/2011\/04\/Pavyzd2-150x150.jpg\" class=\"attachment-thumbnail size-thumbnail\" alt=\"\" loading=\"lazy\" \/><\/a>\n\t\t\t<\/dt><\/dl>\n\t\t\t<br style='clear: both' \/>\n\t\t<\/div>\n\n<p>&nbsp;<\/p>\n<p><strong>VAR\u017dYB\u0172 DALYVIAI IR PROGRAMA<\/strong><\/p>\n<p><strong><br \/>\n<\/strong><\/p>\n<p><strong>Atviro \u010dempionato<\/strong> asmenin\u0117s var\u017eybos vykdomos atskiru startu b\u0117gte, nurodyta kryptimi.<\/p>\n<p>&nbsp;<\/p>\n<p>Vyriausias teis\u0117jas \u2013 Rimvydas Kutka,<\/p>\n<p>sekretorius \u2013 Jonas Gediminas Gvildys,<\/p>\n<p>tras\u0173 planuotojas &#8211; Rimvydas Kutka,<\/p>\n<p>tras\u0173 inspektorius \u2013 Skirmantas Ramo\u0161ka.<\/p>\n<p>&nbsp;<\/p>\n<p>Tras\u0173 parametrai:<\/p>\n<table border=\"1\">\n<tbody>\n<tr>\n<td>V21<\/td>\n<td>11,8km<\/td>\n<td>26KP<\/td>\n<\/tr>\n<tr>\n<td>V18, V20<\/td>\n<td>9,7km<\/td>\n<td>20KP<\/td>\n<\/tr>\n<tr>\n<td>M21, M20, M18<\/td>\n<td>7,9km<\/td>\n<td>17KP<\/td>\n<\/tr>\n<tr>\n<td>V35, V40<\/td>\n<td>8,8km<\/td>\n<td>16KP<\/td>\n<\/tr>\n<tr>\n<td>V45, V50, V21B<\/td>\n<td>7,2km<\/td>\n<td>17KP<\/td>\n<\/tr>\n<tr>\n<td>M35, M40<\/td>\n<td>5,5km<\/td>\n<td>14KP<\/td>\n<\/tr>\n<tr>\n<td>V16<\/td>\n<td>6,3km<\/td>\n<td>14KP<\/td>\n<\/tr>\n<tr>\n<td>M16, M45, M50, M21B<\/td>\n<td>4,9km<\/td>\n<td>13KP<\/td>\n<\/tr>\n<tr>\n<td>V55, V60<\/td>\n<td>5,4km<\/td>\n<td>14KP<\/td>\n<\/tr>\n<tr>\n<td>M55, M60, V65<\/td>\n<td>3,9km<\/td>\n<td>11KP<\/td>\n<\/tr>\n<tr>\n<td>M14, M65<\/td>\n<td>3,5km<\/td>\n<td>12KP<\/td>\n<\/tr>\n<tr>\n<td>V14, V75<\/td>\n<td>3,8km<\/td>\n<td>11KP<\/td>\n<\/tr>\n<tr>\n<td>V12, M12, M75, V85<\/td>\n<td>2,5km<\/td>\n<td>8KP<\/td>\n<\/tr>\n<\/tbody>\n<\/table>\n<p>&nbsp;<\/p>\n<p><strong>Atsi\u017eym\u0117jimas: <\/strong>Elektronin\u0117 atsi\u017eym\u0117jimo sistema \u2013 <strong>SportIdent<\/strong><\/p>\n<p>&nbsp;<\/p>\n<p><strong>STARTO MOKESTIS<\/strong><\/p>\n<p><strong><br \/>\n<\/strong><\/p>\n<table border=\"1\" width=\"100%\">\n<tbody>\n<tr>\n<td><strong>Parai\u0161kos pateikimas<\/strong><\/td>\n<td><strong>M\/V 12-18<\/strong><\/td>\n<td><strong>M\/V 20, 65-85<\/strong><\/td>\n<td><strong>M\/V 21-60<\/strong><\/td>\n<\/tr>\n<tr>\n<td>Iki 2011-05-31<\/td>\n<td>8Lt<\/td>\n<td>12Lt<\/td>\n<td>18Lt<\/td>\n<\/tr>\n<tr>\n<td>Po 2011-05-31\u00a0 (esant laisvoms vietoms)<\/td>\n<td>12Lt<\/td>\n<td>20Lt<\/td>\n<td>27Lt<\/td>\n<\/tr>\n<\/tbody>\n<\/table>\n<p>U\u017esiregistrav\u0119, bet neatvyk\u0119 dalyviai moka 5 lit\u0173 baud\u0105.<\/p>\n<p>&nbsp;<\/p>\n<p><strong>NUGAL\u0116TOJ\u0172 NUSTATYMAS IR APDOVANOJIMAS<\/strong><\/p>\n<p>Apdovanojami vis\u0173 am\u017eiaus grupi\u0173 nugal\u0117tojai ir prizininkai. Var\u017eybose dalyvi\u0173 vietos<br \/>\nnustatomos pagal trasoje sugai\u0161t\u0105 laik\u0105.<br \/>\nPastaba: vienoje grup\u0117je u\u017esiregistravus ma\u017eiau nei 3 dalyviams, grup\u0117s bus apjungiamos<br \/>\norganizatori\u0173 nuo\u017ei\u016bra.<\/p>\n<p>&nbsp;<\/p>\n<p><strong>PARAI\u0160K\u0172 IR DALYVI\u0172 PRI\u0116MIMO S\u0104LYGOS<\/strong><\/p>\n<p>I\u0161ankstin\u0117s vardin\u0117s parai\u0161kos pateikiamos iki 2011 m. gegu\u017e\u0117s m\u0117n. 31 d. (antradienio vakaro)<br \/>\ninternetu <a href=\"http:\/\/www.dbtopas.lt\/takas\/lt\/varz\" target=\"_blank\">dbtop&#8217;as<\/a> tinklalapyje. Informacija tel. 8 685 44 037 &#8211; Rimvydas Kutka,<br \/>\narba internete &#8211; (okmedeina@gmail.com)<\/p>\n<p>Var\u017eyb\u0173 vyriausias teis\u0117jas \u2013 Rimvydas Kutka tel. 8 685 44 037, el. pa\u0161tas: tukmir@gmail.com<\/p>\n<p>&nbsp;<\/p>\n<p><a href=\"http:\/\/www.medeina.lt\/wp-content\/uploads\/2011\/05\/nuostatai_kauno_cemp_2011.doc\">Nuostatai spausdinimui .doc<\/a><\/p>\n","protected":false},"excerpt":{"rendered":"<p>Nuostatai spausdinimui .doc &nbsp; TIKSLAS IR U\u017dDAVINIAI Atviras \u010dempionatas vykdomas siekiant populiarinti orientavimosi sport\u0105 Kaune bei \u0161alyje, geriau pasiruo\u0161ti nacionalin\u0117ms bei tarptautin\u0117ms var\u017eyboms, i\u0161ai\u0161kinti paj\u0117giausias komandas ir sportininkus visose am\u017eiaus grup\u0117se, atrinkti sportininkus dalyvauti Lietuvos \u010dempionatuose. &nbsp; ORGANIZATORIAI \u010cempionat\u0105 rengia Kauno orientavimosi sporto klubas \u201eMedeina\u201c kartu su Kauno miesto savivaldyb\u0117s administracijos Socialini\u0173 reikal\u0173 departamento K\u016bno<a class=\"read-more \" href=\"http:\/\/www.medeina.lt\/?page_id=383\" title=\"Read More\"> <span class=\"button default\">Read More<\/span><\/a><\/p>\n","protected":false},"author":1,"featured_media":0,"parent":0,"menu_order":0,"comment_status":"closed","ping_status":"closed","template":"","meta":[],"_links":{"self":[{"href":"http:\/\/www.medeina.lt\/index.php?rest_route=\/wp\/v2\/pages\/383"}],"collection":[{"href":"http:\/\/www.medeina.lt\/index.php?rest_route=\/wp\/v2\/pages"}],"about":[{"href":"http:\/\/www.medeina.lt\/index.php?rest_route=\/wp\/v2\/types\/page"}],"author":[{"embeddable":true,"href":"http:\/\/www.medeina.lt\/index.php?rest_route=\/wp\/v2\/users\/1"}],"replies":[{"embeddable":true,"href":"http:\/\/www.medeina.lt\/index.php?rest_route=%2Fwp%2Fv2%2Fcomments&post=383"}],"version-history":[{"count":32,"href":"http:\/\/www.medeina.lt\/index.php?rest_route=\/wp\/v2\/pages\/383\/revisions"}],"predecessor-version":[{"id":393,"href":"http:\/\/www.medeina.lt\/index.php?rest_route=\/wp\/v2\/pages\/383\/revisions\/393"}],"wp:attachment":[{"href":"http:\/\/www.medeina.lt\/index.php?rest_route=%2Fwp%2Fv2%2Fmedia&parent=383"}],"curies":[{"name":"wp","href":"https:\/\/api.w.org\/{rel}","templated":true}]}}