{"id":2668,"date":"2026-04-07T11:28:32","date_gmt":"2026-04-07T11:28:32","guid":{"rendered":"http:\/\/www.medeina.lt\/?page_id=2668"},"modified":"2026-04-07T12:12:16","modified_gmt":"2026-04-07T12:12:16","slug":"jukola","status":"publish","type":"page","link":"http:\/\/www.medeina.lt\/?page_id=2668","title":{"rendered":"Jukola"},"content":{"rendered":"<figure class=\"wp-block-table is-style-stripes\">\n<table>\n<tbody>\n<tr>\n<td class=\"has-text-align-center\" data-align=\"center\"><strong>Data<\/strong><\/td>\n<td class=\"has-text-align-center\" data-align=\"center\"><strong>Vieta<\/strong><\/td>\n<td class=\"has-text-align-center\" data-align=\"center\"><strong>Komand\u0173 sk.<\/strong><\/td>\n<td><strong>Etapai<\/strong><\/td>\n<\/tr>\n<tr>\n<td class=\"has-text-align-center\" data-align=\"center\"><strong>2025<\/strong><\/td>\n<td class=\"has-text-align-center\" data-align=\"center\"><strong>180<\/strong><\/td>\n<td class=\"has-text-align-center\" data-align=\"center\">1731<\/td>\n<td>1. R\u0117jus Mockaitis<br \/>2. Aurimas Mur\u0117nas<br \/>3. Marijonas Gipas<br \/>4. Mantas Dr\u016blia<br \/>5. Aleksas Mur\u0117nas<br \/>6. Art\u016bras D\u017eiaugys<br \/>7. Jonas Markevi\u010dius<\/td>\n<\/tr>\n<tr>\n<td class=\"has-text-align-center\" data-align=\"center\"><strong>2024<\/strong><\/td>\n<td class=\"has-text-align-center\" data-align=\"center\"><strong>DSQ<\/strong><\/td>\n<td class=\"has-text-align-center\" data-align=\"center\">1655<\/td>\n<td>1. Marijonas Gipas<br \/>2. Aurimas Mur\u0117nas<br \/>3. Mantas Dr\u016blia<br \/>4. Art\u016bras D\u017eiaugys<br \/>5. <span style=\"color: #ff0000;\">Art\u016bras Vaitiekus<\/span><br \/>6. R\u0117jus Mockaitis<br \/>7. Rokas Sema\u0161ka<\/td>\n<\/tr>\n<tr>\n<td class=\"has-text-align-center\" data-align=\"center\"><strong>2023<\/strong><\/td>\n<td class=\"has-text-align-center\" data-align=\"center\"><strong>272<\/strong><\/td>\n<td class=\"has-text-align-center\" data-align=\"center\">1702<\/td>\n<td>1. R\u0117jus Mockaitis<br \/>2. Aurimas Mur\u0117nas<br \/>3. Andrius Jasi\u016bnas<br \/>4. Art\u016bras D\u017eiaugys<br \/>5. Justas Misi\u016bnas<br \/>6. Jonas Markevi\u010dius<br \/>7. Rokas Sema\u0161ka<\/td>\n<\/tr>\n<tr>\n<td class=\"has-text-align-center\" data-align=\"center\"><strong>2022<\/strong><\/td>\n<td class=\"has-text-align-center\" data-align=\"center\"><strong>242<\/strong><\/td>\n<td class=\"has-text-align-center\" data-align=\"center\">1592<\/td>\n<td>1. Mantas Dr\u016blia<br \/>2. Aurimas Mur\u0117nas<br \/>3. R\u0117jus Mockaitis<br \/>4. Giedrius Vidzikauskas<br \/>5. Kasparas Mur\u0117nas<br \/>6. Andrius Valatka<br \/>7. Jonas Markevi\u010dius<\/td>\n<\/tr>\n<tr>\n<td class=\"has-text-align-center\" data-align=\"center\"><strong>2019<\/strong><\/td>\n<td class=\"has-text-align-center\" data-align=\"center\"><strong>251<\/strong><\/td>\n<td class=\"has-text-align-center\" data-align=\"center\">1975<\/td>\n<td>1. Simonas Tamo\u0161aitis<br \/>2. Justas Misi\u016bnas<br \/>3. Marijonas Gipas<br \/>4. Aurimas Mur\u0117nas<br \/>5. Andrius Laukaitis<br \/>6. Mantas Dr\u016blia<br \/>7. R\u0117jus Mockaitis<\/td>\n<\/tr>\n<tr>\n<td class=\"has-text-align-center\" data-align=\"center\"><strong>2018<\/strong><\/td>\n<td class=\"has-text-align-center\" data-align=\"center\"><strong>241<\/strong><\/td>\n<td class=\"has-text-align-center\" data-align=\"center\">1901<\/td>\n<td>1. Simonas Tamo\u0161aitis<br \/>2. Marijonas Gipas<br \/>3. Tomas Bogu\u017einskas<br \/>4. Giedrius Vidzikauskas<br \/>5. Art\u016bras Vaitiekus<br \/>6. Andrius Laukaitis<br \/>7. R\u0117jus Mockaitis<\/td>\n<\/tr>\n<tr>\n<td class=\"has-text-align-center\" data-align=\"center\"><strong>2017<\/strong><\/td>\n<td class=\"has-text-align-center\" data-align=\"center\"><strong>202<\/strong><\/td>\n<td class=\"has-text-align-center\" data-align=\"center\">1600<\/td>\n<td>1. Simonas Tamo\u0161aitis<br \/>2. Marijonas Gipas<br \/>3. Justas Misi\u016bnas<br \/>4. Giedrius Vidzikauskas<br \/>5. Marijonas Gipas<br \/>6. Mantas Dr\u016blia<br \/>7. Tomas Bogu\u017einskas<\/td>\n<\/tr>\n<tr>\n<td class=\"has-text-align-center\" data-align=\"center\"><strong>2016<\/strong><\/td>\n<td class=\"has-text-align-center\" data-align=\"center\"><strong>275<\/strong><\/td>\n<td class=\"has-text-align-center\" data-align=\"center\">1717<\/td>\n<td>1. Marijonas Gipas<br \/>2. Justas Misi\u016bnas<br \/>3. Tomas Bogu\u017einskas<br \/>4. Giedrius Vidzikauskas<br \/>5. Art\u016bras Vaitiekus<br \/>6. Andrius Laukaitis<br \/>7. Mantas Dr\u016blia<\/td>\n<\/tr>\n<tr>\n<td class=\"has-text-align-center\" data-align=\"center\"><strong>2015<\/strong><\/td>\n<td class=\"has-text-align-center\" data-align=\"center\"><strong>404<\/strong><\/td>\n<td class=\"has-text-align-center\" data-align=\"center\">1787<\/td>\n<td>1. Marijonas Gipas<br \/>2. Giedrius Vidzikauskas<br \/>3. Tomas Bogu\u017einskas<br \/>4. Audrius Ra\u017eaitis<br \/>5. Art\u016bras Vaitiekus<br \/>6. Egidijus Gaigalas<br \/>7. Mantas Dr\u016blia<\/td>\n<\/tr>\n<tr>\n<td class=\"has-text-align-center\" data-align=\"center\"><strong>2013<\/strong><\/td>\n<td class=\"has-text-align-center\" data-align=\"center\"><strong>291<\/strong><\/td>\n<td class=\"has-text-align-center\" data-align=\"center\">1632<\/td>\n<td>1. Giedrius Vidzikauskas<br \/>2. Vytautas Gipas<br \/>3. Marijonas Gipas<br \/>4. Audrius Ra\u017eaitis<br \/>5. Darius Sema\u0161ka<br \/>6. Mantas Dr\u016blia<br \/>7. Tomas Bogu\u017einskas<\/td>\n<\/tr>\n<tr>\n<td class=\"has-text-align-center\" data-align=\"center\"><strong>2012<\/strong><\/td>\n<td class=\"has-text-align-center\" data-align=\"center\"><strong>335<\/strong><\/td>\n<td class=\"has-text-align-center\" data-align=\"center\">1689<\/td>\n<td>1. Algirdas\u00a0Preik\u0161a<br \/>2. Augustas Preik\u0161a<br \/>3. Justas Misi\u016bnas<br \/>4. Vytautas Gipas<br \/>5. Mantas Dr\u016blia<br \/>6. Giedrius Vidzikauskas<br \/>7. Tomas Bogu\u017einskas<\/td>\n<\/tr>\n<tr>\n<td class=\"has-text-align-center\" data-align=\"center\"><strong>2010\/1<\/strong><\/td>\n<td class=\"has-text-align-center\" data-align=\"center\"><strong>572<\/strong><\/td>\n<td class=\"has-text-align-center\" data-align=\"center\">1556<\/td>\n<td>1. Mantas Juozulevi\u010dius<br \/>2. Vytautas Gipas<br \/>3. Giedrius Vidzikauskas<br \/>4. Audrius Ra\u017eaitis<br \/>5. Augustas Preik\u0161a<br \/>6. Darius Sema\u0161ka<br \/>7. Tomas Bogu\u017einskas<\/td>\n<\/tr>\n<tr>\n<td class=\"has-text-align-center\" data-align=\"center\"><strong>2010\/2<\/strong><\/td>\n<td class=\"has-text-align-center\" data-align=\"center\"><strong>983<\/strong><\/td>\n<td class=\"has-text-align-center\" data-align=\"center\">1556<\/td>\n<td>1. Algirdas Preik\u0161a<br \/>2. Kazimieras Gipas<br \/>3. Tomas Ver\u0161inskas<br \/>4. Justas Misi\u016bnas<br \/>5. Augustinas Gipas<br \/>6. Vilius \u0160taupas<br \/>7. Marijonas Gipas<\/td>\n<\/tr>\n<tr>\n<td class=\"has-text-align-center\" data-align=\"center\"><strong>2009<\/strong><\/td>\n<td class=\"has-text-align-center\" data-align=\"center\"><strong>380<\/strong><\/td>\n<td class=\"has-text-align-center\" data-align=\"center\">1449<\/td>\n<td>1. Mantas Juozulevi\u010dius<br \/>2. Vytautas Gipas<br \/>3. Giedrius Vidzikauskas<br \/>4. Audrius Ra\u0161aitis<br \/>5. Arvydas Alkevi\u010dius<br \/>6. Vilius \u0160taupas<br \/>7. Tomas Bogu\u017einskas<\/td>\n<\/tr>\n<tr>\n<td class=\"has-text-align-center\" data-align=\"center\"><strong>2008<\/strong><\/td>\n<td class=\"has-text-align-center\" data-align=\"center\"><strong>374<\/strong><\/td>\n<td class=\"has-text-align-center\" data-align=\"center\">1454<\/td>\n<td>1. Tomas Bogu\u017einskas<br \/>2. Vytautas Gipas<br \/>3. Mantas Juozulevi\u010dius<br \/>4. Audrius Ra\u0161aitis<br \/>5. Marijonas Gipas<br \/>6. Vilius \u0160taupas<br \/>7. Giedrius Vidzikauskas<\/td>\n<\/tr>\n<tr>\n<td class=\"has-text-align-center\" data-align=\"center\"><strong>2005<\/strong><\/td>\n<td class=\"has-text-align-center\" data-align=\"center\"><strong>DSQ<\/strong><\/td>\n<td class=\"has-text-align-center\" data-align=\"center\">1357<\/td>\n<td>1. Ram\u016bnas \u0160imanskas<br \/>2. Skirmantas Ramo\u0161ka<br \/>3. <span style=\"color: #ff0000;\">Laimonas \u010caplikas<\/span><br \/>4. Vytautas Gipas<br \/>5. Tadas Kazlauskas<br \/>6. Domas Kudaba<br \/>7. Henrikas Pau\u017eas<\/td>\n<\/tr>\n<tr>\n<td class=\"has-text-align-center\" data-align=\"center\"><strong>2004<\/strong><\/td>\n<td class=\"has-text-align-center\" data-align=\"center\"><strong>135<\/strong><\/td>\n<td class=\"has-text-align-center\" data-align=\"center\">1324<\/td>\n<td>1. Ram\u016bnas \u0160imanskas<br \/>2. Skirmantas Ramo\u0161ka<br \/>3. Laimonas \u010caplikas<br \/>4. Vytautas Gipas<br \/>5. Tadas Kazlauskas<br \/>6. Darius Sema\u0161ka<br \/>7. Donatas Stulgys<\/td>\n<\/tr>\n<tr>\n<td class=\"has-text-align-center\" data-align=\"center\"><strong>2003<\/strong><\/td>\n<td class=\"has-text-align-center\" data-align=\"center\"><strong>DSQ<\/strong><\/td>\n<td class=\"has-text-align-center\" data-align=\"center\">1229<\/td>\n<td>1. Ram\u016bnas \u0160imanskas<br \/>2. Vytautas Gipas<br \/>3. Laimonas \u010caplikas<br \/>4. <span style=\"color: #ff0000;\">Tadas Kazlauskas<\/span><br \/>5. Skirmantas Ramo\u0161ka<br \/>6. Darius Sema\u0161ka<br \/>7. Donatas Stulgys<\/td>\n<\/tr>\n<tr>\n<td class=\"has-text-align-center\" data-align=\"center\"><strong>2002<\/strong><\/td>\n<td class=\"has-text-align-center\" data-align=\"center\"><strong>189<\/strong><\/td>\n<td class=\"has-text-align-center\" data-align=\"center\">1270<\/td>\n<td>1. Skirmantas Ramo\u0161ka<br \/>2. Domas Kudaba<br \/>3. Laimonas \u010caplikas<br \/>4. Vytautas Gipas<br \/>5. Mindaugas Gra\u0161ys<br \/>6. Donatas Stulgys<br \/>7. Ram\u016bnas \u0160imanskas<\/td>\n<\/tr>\n<tr>\n<td class=\"has-text-align-center\" data-align=\"center\"><strong>1991<\/strong><\/td>\n<td class=\"has-text-align-center\" data-align=\"center\"><strong>393<\/strong><\/td>\n<td class=\"has-text-align-center\" data-align=\"center\">1145<\/td>\n<td>1. Darius Kalvaitis<br \/>2. Audrius Ra\u017eaitis<br \/>3. Valdas Misi\u016bnas<br \/>4. Rimvydas Kutka<br \/>5. Art\u016bras \u010cerniauskas<br \/>6. Arvydas Alkevi\u010dius<br \/>7. Vytautas Gipas<\/td>\n<\/tr>\n<\/tbody>\n<\/table>\n<\/figure>\n\n\n<p><\/p>\n","protected":false},"excerpt":{"rendered":"<p>Data Vieta Komand\u0173 sk. Etapai 2025 180 1731 1. R\u0117jus Mockaitis2. Aurimas Mur\u0117nas3. Marijonas Gipas4. Mantas Dr\u016blia5. Aleksas Mur\u0117nas6. Art\u016bras D\u017eiaugys7. Jonas Markevi\u010dius 2024 DSQ 1655 1. Marijonas Gipas2. Aurimas Mur\u0117nas3. Mantas Dr\u016blia4. Art\u016bras D\u017eiaugys5. Art\u016bras Vaitiekus6. R\u0117jus Mockaitis7. Rokas Sema\u0161ka 2023 272 1702 1. R\u0117jus Mockaitis2. Aurimas Mur\u0117nas3. Andrius Jasi\u016bnas4. Art\u016bras D\u017eiaugys5. Justas Misi\u016bnas6.<a class=\"read-more \" href=\"http:\/\/www.medeina.lt\/?page_id=2668\" title=\"Read More\"> <span class=\"button default\">Read More<\/span><\/a><\/p>\n","protected":false},"author":1,"featured_media":0,"parent":0,"menu_order":0,"comment_status":"closed","ping_status":"closed","template":"","meta":[],"_links":{"self":[{"href":"http:\/\/www.medeina.lt\/index.php?rest_route=\/wp\/v2\/pages\/2668"}],"collection":[{"href":"http:\/\/www.medeina.lt\/index.php?rest_route=\/wp\/v2\/pages"}],"about":[{"href":"http:\/\/www.medeina.lt\/index.php?rest_route=\/wp\/v2\/types\/page"}],"author":[{"embeddable":true,"href":"http:\/\/www.medeina.lt\/index.php?rest_route=\/wp\/v2\/users\/1"}],"replies":[{"embeddable":true,"href":"http:\/\/www.medeina.lt\/index.php?rest_route=%2Fwp%2Fv2%2Fcomments&post=2668"}],"version-history":[{"count":5,"href":"http:\/\/www.medeina.lt\/index.php?rest_route=\/wp\/v2\/pages\/2668\/revisions"}],"predecessor-version":[{"id":2675,"href":"http:\/\/www.medeina.lt\/index.php?rest_route=\/wp\/v2\/pages\/2668\/revisions\/2675"}],"wp:attachment":[{"href":"http:\/\/www.medeina.lt\/index.php?rest_route=%2Fwp%2Fv2%2Fmedia&parent=2668"}],"curies":[{"name":"wp","href":"https:\/\/api.w.org\/{rel}","templated":true}]}}