{"id":2654,"date":"2026-02-04T13:33:07","date_gmt":"2026-02-04T13:33:07","guid":{"rendered":"http:\/\/www.medeina.lt\/?page_id=2654"},"modified":"2026-02-04T13:48:01","modified_gmt":"2026-02-04T13:48:01","slug":"venla","status":"publish","type":"page","link":"http:\/\/www.medeina.lt\/?page_id=2654","title":{"rendered":"Venla"},"content":{"rendered":"\n<figure class=\"wp-block-table is-style-stripes\"><table><tbody><tr><td class=\"has-text-align-center\" data-align=\"center\"><strong>Data<\/strong><\/td><td class=\"has-text-align-center\" data-align=\"center\"><strong>Vieta<\/strong><\/td><td class=\"has-text-align-center\" data-align=\"center\"><strong>Komand\u0173 sk.<\/strong><\/td><td><strong>Etapai<\/strong><\/td><\/tr><tr><td class=\"has-text-align-center\" data-align=\"center\"><strong>2025<\/strong><\/td><td class=\"has-text-align-center\" data-align=\"center\"><strong>309<\/strong><\/td><td class=\"has-text-align-center\" data-align=\"center\">1475<\/td><td>1. Vilija Gvildien\u0117<br>2. Kristina Trimak\u0117<br>3. Agn\u0117 Mur\u0117nien\u0117<br>4. Ugn\u0117 Gineikait\u0117<\/td><\/tr><tr><td class=\"has-text-align-center\" data-align=\"center\"><strong>2024<\/strong><\/td><td class=\"has-text-align-center\" data-align=\"center\"><strong>407<\/strong><\/td><td class=\"has-text-align-center\" data-align=\"center\">1426<\/td><td>1. Kristina Trimak\u0117<br>2. Agn\u0117 Mur\u0117nien\u0117<br>3. Emilija Kerai\u0161yt\u0117<br>4. Vilija Gvildien\u0117<\/td><\/tr><tr><td class=\"has-text-align-center\" data-align=\"center\"><strong>2023<\/strong><\/td><td class=\"has-text-align-center\" data-align=\"center\"><strong>667<\/strong><\/td><td class=\"has-text-align-center\" data-align=\"center\">1558<\/td><td>1. Emilija Goftait\u0117<br>2. Greta D\u017eiaugyt\u0117<br>3. Elada Zas\u010diurinskait\u0117&nbsp;<br>4. Agn\u0117 Mur\u0117nien\u0117<\/td><\/tr><tr><td class=\"has-text-align-center\" data-align=\"center\"><strong>2022<\/strong><\/td><td class=\"has-text-align-center\" data-align=\"center\"><strong>451<\/strong><\/td><td class=\"has-text-align-center\" data-align=\"center\">1432<\/td><td>1. Giedr\u0117 Krasausk\u0117<br>2. Dovil\u0117 La\u017einskien\u0117<br>3. Agn\u0117 Mur\u0117nien\u0117<br>4. Ugn\u0117 Gineikait\u0117<\/td><\/tr><tr><td class=\"has-text-align-center\" data-align=\"center\"><strong>2012<\/strong><\/td><td class=\"has-text-align-center\" data-align=\"center\"><strong>380<\/strong><\/td><td class=\"has-text-align-center\" data-align=\"center\">1272<\/td><td>1. Irina Misi\u016bnien\u0117<br>2. Violeta Kutkien\u0117<br>3. Au\u0161ra Bartkevi\u010dien\u0117<br>4. Au\u0161ra Kavaliauskait\u0117 (Misi\u016bn\u0117)<\/td><\/tr><tr><td class=\"has-text-align-center\" data-align=\"center\"><strong>2012<\/strong><\/td><td class=\"has-text-align-center\" data-align=\"center\"><strong>488<\/strong><\/td><td class=\"has-text-align-center\" data-align=\"center\">1272<\/td><td>1. R\u016bta Navickait\u0117<br>2. Dovil\u0117 Kutkait\u0117 (La\u017einskien\u0117)<br>3. Akvil\u0117 Preik\u0161ait\u0117<br>4. Kostas Grau\u017eelis *<\/td><\/tr><tr><td class=\"has-text-align-center\" data-align=\"center\"><strong>2009<\/strong><\/td><td class=\"has-text-align-center\" data-align=\"center\"><strong>209<\/strong><\/td><td class=\"has-text-align-center\" data-align=\"center\">1015<\/td><td>1. Gabija Ra\u017eaityt\u0117<br>2. Giedr\u0117 \u0160e\u0161kevi\u010di\u016bt\u0117 (Krasausk\u0117)<br>3. Tekl\u0117 Emilija Gvildyt\u0117<br>4. Au\u0161rin\u0117 Kutkait\u0117<\/td><\/tr><tr><td class=\"has-text-align-center\" data-align=\"center\"><strong>1991<\/strong><\/td><td class=\"has-text-align-center\" data-align=\"center\"><strong>90<\/strong><\/td><td class=\"has-text-align-center\" data-align=\"center\">543<\/td><td>1. Irina Misi\u016bnien\u0117<br>2. Jolanta Bago\u010di\u016bnien\u0117<br>3. Violeta Kutkien\u0117<br>4. Dalia Armalien\u0117<\/td><\/tr><\/tbody><\/table><\/figure>\n","protected":false},"excerpt":{"rendered":"<p>Data Vieta Komand\u0173 sk. Etapai 2025 309 1475 1. Vilija Gvildien\u01172. Kristina Trimak\u01173. Agn\u0117 Mur\u0117nien\u01174. Ugn\u0117 Gineikait\u0117 2024 407 1426 1. Kristina Trimak\u01172. Agn\u0117 Mur\u0117nien\u01173. Emilija Kerai\u0161yt\u01174. Vilija Gvildien\u0117 2023 667 1558 1. Emilija Goftait\u01172. Greta D\u017eiaugyt\u01173. Elada Zas\u010diurinskait\u0117&nbsp;4. Agn\u0117 Mur\u0117nien\u0117 2022 451 1432 1. Giedr\u0117 Krasausk\u01172. Dovil\u0117 La\u017einskien\u01173. Agn\u0117 Mur\u0117nien\u01174. Ugn\u0117 Gineikait\u0117 2012 380<a class=\"read-more \" href=\"http:\/\/www.medeina.lt\/?page_id=2654\" title=\"Read More\"> <span class=\"button default\">Read More<\/span><\/a><\/p>\n","protected":false},"author":1,"featured_media":0,"parent":0,"menu_order":0,"comment_status":"closed","ping_status":"closed","template":"","meta":[],"_links":{"self":[{"href":"http:\/\/www.medeina.lt\/index.php?rest_route=\/wp\/v2\/pages\/2654"}],"collection":[{"href":"http:\/\/www.medeina.lt\/index.php?rest_route=\/wp\/v2\/pages"}],"about":[{"href":"http:\/\/www.medeina.lt\/index.php?rest_route=\/wp\/v2\/types\/page"}],"author":[{"embeddable":true,"href":"http:\/\/www.medeina.lt\/index.php?rest_route=\/wp\/v2\/users\/1"}],"replies":[{"embeddable":true,"href":"http:\/\/www.medeina.lt\/index.php?rest_route=%2Fwp%2Fv2%2Fcomments&post=2654"}],"version-history":[{"count":5,"href":"http:\/\/www.medeina.lt\/index.php?rest_route=\/wp\/v2\/pages\/2654\/revisions"}],"predecessor-version":[{"id":2663,"href":"http:\/\/www.medeina.lt\/index.php?rest_route=\/wp\/v2\/pages\/2654\/revisions\/2663"}],"wp:attachment":[{"href":"http:\/\/www.medeina.lt\/index.php?rest_route=%2Fwp%2Fv2%2Fmedia&parent=2654"}],"curies":[{"name":"wp","href":"https:\/\/api.w.org\/{rel}","templated":true}]}}