{"id":2211,"date":"2018-03-15T13:06:40","date_gmt":"2018-03-15T13:06:40","guid":{"rendered":"http:\/\/www.medeina.lt\/?page_id=2211"},"modified":"2021-03-31T06:48:01","modified_gmt":"2021-03-31T06:48:01","slug":"remejams","status":"publish","type":"page","link":"http:\/\/www.medeina.lt\/?page_id=2211","title":{"rendered":"R\u0117m\u0117jams"},"content":{"rendered":"<p><strong>Kvie\u010diame Jus paremti m\u016bs\u0173 orientavimosi sporto klub\u0105 Medeina.<\/strong><br \/>\n<img loading=\"lazy\" title=\"Kauno estafet\u0117 2018\" src=\"http:\/\/www.medeina.lt\/wp-content\/uploads\/2015\/04\/DSC_0313.jpg\" alt=\"\" width=\"638\" height=\"434\" \/><br \/>\nSkirkite iki 1,2% nuo pajam\u0173 prisijungdami prie\u00a0<a href=\"https:\/\/deklaravimas.vmi.lt\/lt\/Pradinis_Prisijungimo_puslapis\/Prisijungimasperisorinessistemas.aspx\" target=\"_blank\" rel=\"noopener\">elektronin\u0117s deklaravimo sistemos (EDS)<\/a>. Tai galima padaryti kiekvienais metais iki gegu\u017e\u0117s m\u0117n. 1d.<\/p>\n<p>Kauno orientavimosi sporto klubas \u201eMedeina\u201c<br \/>\nadresas: \u0160iaur\u0117s pr. 5-22, Kaunas<br \/>\nel. pa\u0161tas: okmedeina@gmail.com<br \/>\n\u012emon\u0117s\/organizacijos kodas: 193223913<br \/>\na\/s LT89 7044 0600 0310 4436<br \/>\nAB SEB bankas, banko kodas: 70440<\/p>\n","protected":false},"excerpt":{"rendered":"<p>Kvie\u010diame Jus paremti m\u016bs\u0173 orientavimosi sporto klub\u0105 Medeina. Skirkite iki 1,2% nuo pajam\u0173 prisijungdami prie\u00a0elektronin\u0117s deklaravimo sistemos (EDS). Tai galima padaryti kiekvienais metais iki gegu\u017e\u0117s m\u0117n. 1d. Kauno orientavimosi sporto klubas \u201eMedeina\u201c adresas: \u0160iaur\u0117s pr. 5-22, Kaunas el. pa\u0161tas: okmedeina@gmail.com \u012emon\u0117s\/organizacijos kodas: 193223913 a\/s LT89 7044 0600 0310 4436 AB SEB bankas, banko kodas: 70440<a class=\"read-more \" href=\"http:\/\/www.medeina.lt\/?page_id=2211\" title=\"Read More\"> <span class=\"button default\">Read More<\/span><\/a><\/p>\n","protected":false},"author":1,"featured_media":0,"parent":0,"menu_order":0,"comment_status":"closed","ping_status":"closed","template":"","meta":[],"_links":{"self":[{"href":"http:\/\/www.medeina.lt\/index.php?rest_route=\/wp\/v2\/pages\/2211"}],"collection":[{"href":"http:\/\/www.medeina.lt\/index.php?rest_route=\/wp\/v2\/pages"}],"about":[{"href":"http:\/\/www.medeina.lt\/index.php?rest_route=\/wp\/v2\/types\/page"}],"author":[{"embeddable":true,"href":"http:\/\/www.medeina.lt\/index.php?rest_route=\/wp\/v2\/users\/1"}],"replies":[{"embeddable":true,"href":"http:\/\/www.medeina.lt\/index.php?rest_route=%2Fwp%2Fv2%2Fcomments&post=2211"}],"version-history":[{"count":9,"href":"http:\/\/www.medeina.lt\/index.php?rest_route=\/wp\/v2\/pages\/2211\/revisions"}],"predecessor-version":[{"id":2505,"href":"http:\/\/www.medeina.lt\/index.php?rest_route=\/wp\/v2\/pages\/2211\/revisions\/2505"}],"wp:attachment":[{"href":"http:\/\/www.medeina.lt\/index.php?rest_route=%2Fwp%2Fv2%2Fmedia&parent=2211"}],"curies":[{"name":"wp","href":"https:\/\/api.w.org\/{rel}","templated":true}]}}