{"id":2199,"date":"2018-03-09T08:44:48","date_gmt":"2018-03-09T08:44:48","guid":{"rendered":"http:\/\/www.medeina.lt\/?page_id=2199"},"modified":"2018-03-26T14:10:27","modified_gmt":"2018-03-26T14:10:27","slug":"xlii-orientavimosi-sporto-varzybu-kauno-estafete-nuostatai","status":"publish","type":"page","link":"http:\/\/www.medeina.lt\/?page_id=2199","title":{"rendered":"Orientavimosi sporto var\u017eyb\u0173 \u201eKauno estafet\u0117\u201c nuostatai"},"content":{"rendered":"<p><a href=\"http:\/\/www.medeina.lt\/nuostatai\/kauno_estaf_2018.doc\">Nuostatai spausdinimui .doc<\/a><\/p>\n<p>&nbsp;<\/p>\n<p><strong>TIKSLAI<\/strong><\/p>\n<p>I\u0161saugoti ilgiausiai rengiamas tradicines orientavimosi sporto estafe\u010di\u0173 var\u017eybas Lietuvoje. Skatinti \u017emones reguliariai sportuoti, populiarinti orientavimosi sport\u0105. \u012edomiai prad\u0117ti 2018 m. orientavimosi sporto sezon\u0105 ir pasiruo\u0161ti svarbiausiems sezono startams.<\/p>\n<p>&nbsp;<\/p>\n<p><strong>RENG\u0116JAI<\/strong><\/p>\n<p>Osk \u201eMedeina\u201c, vyr. teis\u0117jas Linas Ramanauskas, vyr. sekretorius Sigitas Jaug\u0117la (+370 699 99181), tras\u0173 ir \u017eem\u0117lapio autorius Audrius Smilgius.<\/p>\n<p>&nbsp;<\/p>\n<p><strong>DATA<\/strong><\/p>\n<p>2018 m. kovo 31 d. Pirmas startas grup\u0117ms prasideda nuo 12.00 val.<\/p>\n<p>&nbsp;<\/p>\n<p><strong>VIETA<\/strong><\/p>\n<p><b>\u017dv\u0117rin\u010diaus mi\u0161kas<\/b><br \/>\nPrien\u0173 stadionas , lauko estrada.<br \/>\nKoordinat\u0117s: 497380, 6055722 (LKS)<br \/>\n                        54.637999, 23.959421 (WGS)<br \/>\n                        54\u00b0 38&#8242; 16.8&#8243;, 23\u00b0 57&#8242; 33.91&#8243; (WGS) <\/p>\n<p>&nbsp;<\/p>\n<p><strong>\u017dEM\u0116LAPIS<\/strong><\/p>\n<p>\u017dv\u0117rin\u010diaus mi\u0161kas. Sudarytas 2017 m. mastelis 1 :10 000, horizontali\u0173 laiptas 2,5 m. Vietov\u0117 silpnai  rai\u017eyta, vyrauja kopinis reljefas. Max auk\u0161tis nuo up\u0117s 10m. Mi\u0161kas \u2013 brandus spygliuo\u010di\u0173 medynas gero prab\u0117gamumo. Keli\u0173, proskyn\u0173 ir tak\u0173 tinklas gan tankus.  <\/p>\n<p><img loading=\"lazy\" src=\"http:\/\/www.medeina.lt\/nuostatai\/kaunoEstaf2018maps.jpg\" alt=\"\" title=\"Kauno estafet\u0117 2018\" width=\"319\" height=\"217\"\/><\/p>\n<p>&nbsp;<\/p>\n<p><strong> GRUP\u0116S <\/strong><\/p>\n<p>M (moterys) 12, 14, 16, 18, 35, 45, 55 trij\u0173, 65 dviej\u0173 etap\u0173 estafet\u0117.<br \/>\nV (vyrai) 12, 14, 16, 18, 35, 45, 55 trij\u0173, 65 dviej\u0173 etap\u0173 estafet\u0117.<br \/>\n&nbsp;<br \/>\n<strong>REGISTRACIJA<\/strong><\/p>\n<p>Internetu: <a href=\"https:\/\/dbsportas.lt\/lt\/varz\/2018019\" target=\"_blank\">DBTopas<\/a>.<br \/>\nRegistruotis galima iki 2018 m.  kovo 26 d. 23:59 val.<br \/>\n<b>Pastaba!<\/b> Registracijos pakeitimai var\u017eyb\u0173 dien\u0105 1EUR u\u017e dalyvio keitim\u0105 komandoje, apie pakeitimus informuoti iki 11 val. ra\u0161tu. Pateikti \u0161iuos duomenis: komandos pavadinim\u0105, etap\u0105, vard\u0105, pavard\u0119, gimimo metus, SI numer\u012f.<\/p>\n<p>&nbsp;<\/p>\n<p><strong>STARTO MOKESTIS<\/strong><\/p>\n<table>\n<tr>\n<th>Grup\u0117s<\/th>\n<th align=\"center\">Mokestis komandai,Eur<\/th>\n<\/tr>\n<tr>\n<td>M, V &#8211; 12, 14, 16, 18<\/td>\n<td align=\"center\">12 EUR<\/td>\n<\/tr>\n<tr>\n<td>M, V &#8211; 21, 35, 45, 55<\/td>\n<td align=\"center\">30 EUR<\/td>\n<\/tr>\n<tr>\n<td>M, V &#8211; 65<\/td>\n<td align=\"center\">12 EUR<\/td>\n<\/tr>\n<\/table>\n<p>U\u017esiregistrav\u0119, bet nestartav\u0119, dalyviai moka pus\u0117s starto mokes\u010dio dyd\u017eio baud\u0105. Starto mokestis ar bauda mokami var\u017eyb\u0173 vietoje arba \u012f banko s\u0105skait\u0105:<br \/>\nGav\u0117jas<br \/>\nKauno miesto orientavimosi sporto klubas \u201eMedeina\u201d<br \/>\n\u012emon\u0117s kodas: 193223913<br \/>\nBankas: AB SEB bankas<br \/>\nBanko kodas: 70440<br \/>\nAtsiskait. s\u0105skaita: LT89 7044 0600 0310 4436<\/p>\n<p>&nbsp;<\/p>\n<p><strong>ATSI\u017dYM\u0116JIMAS<\/strong><\/p>\n<p>SportIdent (SI) sistema. SI kortel\u0117s nuoma jos neturintiems \u2013 0,5 Eur gimusiems 1998 m. ir v\u0117liau, kitiems \u2013 1 Eur. Daugiau nei vienam dalyviui naudotis ta pa\u010dia SI kortele draud\u017eiama. Negra\u017einus SI kortel\u0117s, organizatoriams mokama kortel\u0117s vert\u0117s bauda.<br \/>\n&nbsp;<\/p>\n<p><strong>APDOVANOJIMAS<\/strong><br \/>\nKomandos prizinink\u0117s apdovanojamos prizais. Grup\u0117je dalyvaujan\u010dios 3 ir ma\u017eiau komand\u0173, apdovanojama komanda \u2013 nugal\u0117toja.<br \/>\n&nbsp;<\/p>\n<p><strong>KITA<\/strong><br \/>\nSuaugusieji u\u017e savo sveikat\u0105 atsako patys, u\u017e moksleivi\u0173 sveikat\u0105 atsako j\u0173 treneriai.<\/p>\n<p>&nbsp;<\/p>\n<p><a href=\"http:\/\/www.medeina.lt\/nuostatai\/kauno_estaf_2018.doc\">Nuostatai spausdinimui .doc<\/a><\/p>\n","protected":false},"excerpt":{"rendered":"<p>Nuostatai spausdinimui .doc &nbsp; TIKSLAI I\u0161saugoti ilgiausiai rengiamas tradicines orientavimosi sporto estafe\u010di\u0173 var\u017eybas Lietuvoje. Skatinti \u017emones reguliariai sportuoti, populiarinti orientavimosi sport\u0105. \u012edomiai prad\u0117ti 2018 m. orientavimosi sporto sezon\u0105 ir pasiruo\u0161ti svarbiausiems sezono startams. &nbsp; RENG\u0116JAI Osk \u201eMedeina\u201c, vyr. teis\u0117jas Linas Ramanauskas, vyr. sekretorius Sigitas Jaug\u0117la (+370 699 99181), tras\u0173 ir \u017eem\u0117lapio autorius Audrius Smilgius. &nbsp;<a class=\"read-more \" href=\"http:\/\/www.medeina.lt\/?page_id=2199\" title=\"Read More\"> <span class=\"button default\">Read More<\/span><\/a><\/p>\n","protected":false},"author":1,"featured_media":0,"parent":0,"menu_order":0,"comment_status":"closed","ping_status":"closed","template":"","meta":[],"_links":{"self":[{"href":"http:\/\/www.medeina.lt\/index.php?rest_route=\/wp\/v2\/pages\/2199"}],"collection":[{"href":"http:\/\/www.medeina.lt\/index.php?rest_route=\/wp\/v2\/pages"}],"about":[{"href":"http:\/\/www.medeina.lt\/index.php?rest_route=\/wp\/v2\/types\/page"}],"author":[{"embeddable":true,"href":"http:\/\/www.medeina.lt\/index.php?rest_route=\/wp\/v2\/users\/1"}],"replies":[{"embeddable":true,"href":"http:\/\/www.medeina.lt\/index.php?rest_route=%2Fwp%2Fv2%2Fcomments&post=2199"}],"version-history":[{"count":8,"href":"http:\/\/www.medeina.lt\/index.php?rest_route=\/wp\/v2\/pages\/2199\/revisions"}],"predecessor-version":[{"id":2219,"href":"http:\/\/www.medeina.lt\/index.php?rest_route=\/wp\/v2\/pages\/2199\/revisions\/2219"}],"wp:attachment":[{"href":"http:\/\/www.medeina.lt\/index.php?rest_route=%2Fwp%2Fv2%2Fmedia&parent=2199"}],"curies":[{"name":"wp","href":"https:\/\/api.w.org\/{rel}","templated":true}]}}