{"id":2,"date":"2010-04-30T07:27:01","date_gmt":"2010-04-30T07:27:01","guid":{"rendered":"http:\/\/www.thecrystal.lt\/wordpress\/?page_id=2"},"modified":"2010-08-31T11:06:05","modified_gmt":"2010-08-31T11:06:05","slug":"about","status":"publish","type":"page","link":"http:\/\/www.medeina.lt\/?page_id=2","title":{"rendered":"Kontaktai"},"content":{"rendered":"<h3><\/h3>\n<h3>Orientavimosi sporto klubas MEDEINA<\/h3>\n<p><em>adr.:<\/em> \u0160iaur\u0117s pr. 5-22, 49189 Kaunas<br \/>\n<em>e-mail:<\/em> okmedeina[a]gmail.com<\/p>\n<p>\u012emon\u0117s kodas: 193223913<\/p>\n","protected":false},"excerpt":{"rendered":"<p>Orientavimosi sporto klubas MEDEINA adr.: \u0160iaur\u0117s pr. 5-22, 49189 Kaunas e-mail: okmedeina[a]gmail.com \u012emon\u0117s kodas: 193223913<a class=\"read-more \" href=\"http:\/\/www.medeina.lt\/?page_id=2\" title=\"Read More\"> <span class=\"button default\">Read More<\/span><\/a><\/p>\n","protected":false},"author":1,"featured_media":0,"parent":0,"menu_order":5,"comment_status":"closed","ping_status":"closed","template":"","meta":[],"_links":{"self":[{"href":"http:\/\/www.medeina.lt\/index.php?rest_route=\/wp\/v2\/pages\/2"}],"collection":[{"href":"http:\/\/www.medeina.lt\/index.php?rest_route=\/wp\/v2\/pages"}],"about":[{"href":"http:\/\/www.medeina.lt\/index.php?rest_route=\/wp\/v2\/types\/page"}],"author":[{"embeddable":true,"href":"http:\/\/www.medeina.lt\/index.php?rest_route=\/wp\/v2\/users\/1"}],"replies":[{"embeddable":true,"href":"http:\/\/www.medeina.lt\/index.php?rest_route=%2Fwp%2Fv2%2Fcomments&post=2"}],"version-history":[{"count":10,"href":"http:\/\/www.medeina.lt\/index.php?rest_route=\/wp\/v2\/pages\/2\/revisions"}],"predecessor-version":[{"id":136,"href":"http:\/\/www.medeina.lt\/index.php?rest_route=\/wp\/v2\/pages\/2\/revisions\/136"}],"wp:attachment":[{"href":"http:\/\/www.medeina.lt\/index.php?rest_route=%2Fwp%2Fv2%2Fmedia&parent=2"}],"curies":[{"name":"wp","href":"https:\/\/api.w.org\/{rel}","templated":true}]}}