{"id":1046,"date":"2015-03-16T06:34:07","date_gmt":"2015-03-16T06:34:07","guid":{"rendered":"http:\/\/www.medeina.lt\/?page_id=1046"},"modified":"2015-05-15T09:35:47","modified_gmt":"2015-05-15T09:35:47","slug":"2015-m-kauno-%e2%80%9emedeinos%e2%80%9c-cempionato-ilgoje-trasoje-nuostatai","status":"publish","type":"page","link":"http:\/\/www.medeina.lt\/?page_id=1046","title":{"rendered":"2015 m. KAUNO \u201eMEDEINOS\u201c \u010cEMPIONATO ILGOJE TRASOJE NUOSTATAI"},"content":{"rendered":"<p><a href=\"http:\/\/www.medeina.lt\/nuostatai\/kauno_cemp_2015.pdf\">Nuostatai spausdinimui.pdf<\/a><\/p>\n<style>\ntable, th, td {\n    border: 1px solid #0A3079;\n    font-size: 12px;\nfont-family: \"Helvetica Neue\", Arial, Helvetica, \"Nimbus Sans L\", sans-serif;\n}\n<\/style>\n<p>&nbsp;<\/p>\n<p><strong>TIKSLAS IR U\u017dDAVINIAI<\/strong><\/p>\n<p>Kauno \u201eMedeinos\u201c \u010dempionatas vykdomas siekiant populiarinti orientavimosi sport\u0105 Kaune bei \u0161alyje, i\u0161ai\u0161kinti paj\u0117giausius sportininkus visose am\u017eiaus grup\u0117se, geriau pasiruo\u0161ti likusiam orientavimosi sezonui.<\/p>\n<p>Var\u017eybos \u012ftrauktos \u012f 2015 m. OLIF\u0116JOS veteran\u0173 taur\u0117s \u012fskait\u0105.<br \/>\n&nbsp;<\/p>\n<p><strong>VAR\u017dYB\u0172 DATA<\/strong><\/p>\n<p>2015 m. gegu\u017e\u0117s m\u0117n. 16 d. (\u0161e\u0161tadienis), startas 12 val.<\/p>\n<p>Atvykimas ir dalyvi\u0173 registracija starto vietoje iki 11.30 val.<\/p>\n<p>&nbsp;<\/p>\n<p><strong>VAR\u017dYB\u0172 VIETA IR \u017dEM\u0116LAPIS<\/strong><\/p>\n<p>\u0160irvint\u0173 rajonas, \u010ciobi\u0161kio mi\u0161kas.  \u017dem\u0117lapis atnaujintas 2015 m.<br \/>\n\u017dem\u0117lapio mastelis 1:10 000, \u017eem\u0117lap\u012f sudar\u0117 Egidijus Kukenys.<br \/>\n\tVar\u017eybos vyks \u0161alia \u010ciobi\u0161kio miestelio, abejuose Mus\u0117s up\u0117s krantuose. Pietin\u0117 dalis \u2013 lengvai ir vidutini\u0161kai prab\u0117gami pu\u0161ynai ir eglynai, augantys vidutinio rai\u017eytumo vietov\u0117je. Tik Mus\u0117s up\u0117s pakrant\u0117s priaugusios tanki\u0173 lapuo\u010di\u0173 ir vijokli\u0173.<br \/>\n\tVisi\u0161ka prie\u0161ingyb\u0117 yra \u0161iaurinis Mus\u0117s krantas. Nuo up\u0117s kyla i\u0161rai\u017eytas griov\u0173 auk\u0161tas \u0161laitas (iki 50m), apaug\u0119s daugiausiai egl\u0117mis ir lapuo\u010diais. Prab\u0117gamumas nuo vidutini\u0161ko iki labai sunkaus. \u0160alia up\u0117s yra pelki\u0173 ir atvir\u0173 viet\u0173. \u0160iaur\u0117s rytin\u0117je dalyje \u0161laitas pasiekia Kaimenos upelio kanjon\u0105 su \u012fsp\u016bdingais 35m auk\u0161\u010dio \u0161laitais.<br \/>\n\tKadangi vietov\u0117s tipai abiejuose krantuose labai skirtingo pob\u016bd\u017eio, reljefo i\u0161rei\u0161kimui pietin\u0117je dalyje parinktas horizontali\u0173 laiptas yra 2,5m, o \u0161iaurin\u0117je dalyje \u2013 5m.<br \/>\nMus\u0117s up\u0117 var\u017eyb\u0173 metu gali b\u016bti pakankamai vandeninga, tod\u0117l kirsti j\u0105 bus privaloma tik tose vietose, kur yra tiltai.<br \/>\n\t\u010ciobi\u0161kio apylink\u0117se yra \u012fdomi\u0173 objekt\u0173: \u010ciobi\u0161kio (Rynos) urvas (<a href=\"http:\/\/www.youtube.com\/watch?v=Klg5LAtPers\" target=\"_blank\">nuotaikingas video su pa\u017e\u012fstamais veidais<\/a>), unikalus up\u0117s srov\u0117s varomas keltas per Ner\u012f, Janioni\u0173 piliakalnis (Pikuolio kalnas), tryk\u0161tantis \u0161altinis prie Mus\u0117s up\u0117s, Kaimenos kanjonas, Lauryno Stuokos-Gucevi\u010diaus projektuoti klasikinio stiliaus dvaro r\u016bmai ir \u0160v.Jono krik\u0161tytojo ba\u017eny\u010dia, tautodailininko P.Malinausko skulpt\u016br\u0173 parkas.<br \/>\n&nbsp;<br \/>\n<strong>Var\u017eyb\u0173 centro koordinat\u0117s: 54.957250, 24.695737  <\/strong><br \/>\nNuo kelio \u010ciobi\u0161kis\u2014Musninkai (kelio Nr. 4305)  iki var\u017eyb\u0173 centro bus  nuorodos  ir markiruot\u0117.<br \/>\nPlanuojantys keltis per Ner\u012f keltu numatykite laiko rezerv\u0105<\/p>\n<p>&nbsp;<br \/>\n<strong>ATSI\u017dYM\u0116JIMO SISTEMA<\/strong><\/p>\n<p>SPORTIdent visoms am\u017eiaus grup\u0117ms. Neturint kortel\u0117s &#8211; nuoma: M\/V 10\/18 \u2013 0,5 Eur , M\/V 20\/90 \u2013 1 Eur. Pametus nuomot\u0105 SI kortel\u0119 mokama bauda atitinkanti SI kortel\u0117s kain\u0105.<\/p>\n<p>&nbsp;<\/p>\n<p><strong> GRUP\u0116S IR TRAS\u0172 ATSTUMAI<\/strong><\/p>\n<p>Kauno \u201eMedeinos\u201c \u010dempionato asmenin\u0117s var\u017eybos vykdomos atskiru startu b\u0117gte, nurodyta kryptimi.<\/p>\n<p>Dalyviai startuoja tokiose am\u017eiaus grup\u0117se:<\/p>\n<table>\n<tr>\n<td>V21E<\/td>\n<td>9,5 km 24 KP 240 m<\/td>\n<\/tr>\n<tr>\n<td>M21E<\/td>\n<td>7,7 km 19 KP 200 m<\/td>\n<\/tr>\n<tr>\n<td>V21A, V18, V20<\/td>\n<td>7,7 km 17 KP 140 m<\/td>\n<\/tr>\n<tr>\n<td>V35, V40<\/td>\n<td>7,6 km 18 KP 180 m<\/td>\n<\/tr>\n<tr>\n<td>M21A, M18, M20<\/td>\n<td>6.1 km 14 KP 100 m<\/td>\n<\/tr>\n<tr>\n<td>M35, M40<\/td>\n<td>6,1 km 15 KP 120 m<\/td>\n<\/tr>\n<tr>\n<td>V45, V50<\/td>\n<td>6,5 km 16 KP 130 m<\/td>\n<\/tr>\n<tr>\n<td>M45, M50, V55, V60<\/td>\n<td>5,2 km 13 KP 110 m<\/td>\n<\/tr>\n<tr>\n<td>M55, M60, V65, V70<\/td>\n<td>4,5 km 12 KP 90 m<\/td>\n<\/tr>\n<tr>\n<td>V75, V80, M75<\/td>\n<td>2.2 km 5 KP 20 m<\/td>\n<\/tr>\n<tr>\n<td>V85, V90<\/td>\n<td>1,7 km 4 KP 10 m<\/td>\n<\/tr>\n<tr>\n<td>V16<\/td>\n<td>5,8 km 14 KP 100 m<\/td>\n<\/tr>\n<tr>\n<td>M16<\/td>\n<td>4,6 km 12 KP 80 m<\/td>\n<\/tr>\n<tr>\n<td>V14<\/td>\n<td>4,0 km 9 KP 30 m<\/td>\n<\/tr>\n<tr>\n<td>M14, M65, M70<\/td>\n<td>3,4 km 9 KP 30 m<\/td>\n<\/tr>\n<tr>\n<td>M12, V12<\/td>\n<td>2,6 km 7 KP 20 m<\/td>\n<\/tr>\n<tr>\n<td>M10, V10<\/td>\n<td>3,1 km 4 KP 10 m<\/td>\n<\/tr>\n<\/table>\n<p>&nbsp;<\/p>\n<p><strong>NUGAL\u0116TOJ\u0172 NUSTATYMAS IR APDOVANOJIMAS<\/strong><\/p>\n<p>Apdovanojami vis\u0173 am\u017eiaus grupi\u0173 nugal\u0117tojai ir prizininkai. Var\u017eybose dalyvi\u0173 vietos nustatomos pagal trasoje sugai\u0161t\u0105 laik\u0105.<\/p>\n<p>Dalyvi\u0173 apdovanojimas (var\u017eyb\u0173 u\u017edarymas) \u2013 15 val.<\/p>\n<p>Pastaba: vienoje grup\u0117je u\u017esiregistravus 3 dalyviams ir ma\u017eiau, grup\u0117s gali b\u016bti apjungtos organizatori\u0173 nuo\u017ei\u016bra.<\/p>\n<p>&nbsp;<\/p>\n<p><strong>STARTO MOKESTIS IR ATSISKAITYMO TVARKA<\/strong><\/p>\n<p>Starto mokestis gal\u012f b\u016bti mokamas grynaisiais pinigais var\u017eyb\u0173 vietoje arba pavedimu \u012f organizatori\u0173 s\u0105skait\u0105 banke:<\/p>\n<p>Gav\u0117jas: Kauno orientavimosi sporto klubas \u201eMedeina\u201d<\/p>\n<p>Gav\u0117jo kodas: 193223913<\/p>\n<p>Gav\u0117jo s\u0105skaita: LT89 7044 0600 0310 4436<\/p>\n<p>Gav\u0117jo bankas: AB SEB bankas, banko kodas: 70440<\/p>\n<p>Grynais var\u017eyb\u0173 vietoje:<\/p>\n<table>\n<tr>\n<th>Parai\u0161kos pateikimas<\/th>\n<th align=\"center\">M\/V 10-18<\/th>\n<th align=\"center\">M\/V 20, 65-90<\/th>\n<th align=\"center\">M\/V 21-60<\/th>\n<\/tr>\n<tr>\n<td>Iki 2015-05-11 (23:59)<\/td>\n<td align=\"center\">3 EUR<\/td>\n<td align=\"center\">5 EUR<\/td>\n<td align=\"center\">7 EUR<\/td>\n<\/tr>\n<tr>\n<td>Nuo 2015-05-12<\/td>\n<td align=\"center\">5 EUR<\/td>\n<td align=\"center\">7 EUR<\/td>\n<td align=\"center\">9 EUR<\/td>\n<\/tr>\n<\/table>\n<p>U\u017e neatvykus\u012f dalyv\u012f mokama pus\u0117 starto mokes\u010dio.<\/p>\n<p>I\u0161ankstin\u0117s vardin\u0117s parai\u0161kos pateikiamos iki 2015 m. gegu\u017e\u0117s 11 d. (pirmadienio 23 val. 59 min.). <\/p>\n<p>Registracija vykdoma interneto svetain\u0117je adresu: <a href=\"http:\/\/www.dbtopas.lt\/takas\/lt\/varz\/2015046\" target=\"_blank\">dbtop&#8217;as<\/a><\/p>\n<p>Arba elektroniniu pa\u0161tu: okmedeina@gmail.com<br \/>\nNemokamas  registracijos nutraukimas iki 2015 m. gegu\u017e\u0117s 11 d.<\/p>\n<p>&nbsp;<\/p>\n<p><strong>VAR\u017dYB\u0172 ORGANIZATORIAI IR KONTAKTAI<\/strong><\/p>\n<p>\u010cempionat\u0105 rengia Kauno orientavimosi sporto klubas \u201eMedeina\u201c.<\/p>\n<p>Vyriausias teis\u0117jas \u2013 Art\u016bras Vaitiekus, tel. +370 686 11053, el. pa\u0161tas: arturas.vait@gmail.com<\/p>\n<p>Sekretorius \u2013 Sigitas Jaug\u0117la<\/p>\n<p>Tras\u0173 planuotojas \u2013 Egidijus Kukenys<\/p>\n<p>&nbsp;<\/p>\n<p><a href=\"http:\/\/www.medeina.lt\/nuostatai\/kauno_cemp_2015.pdf\">Nuostatai spausdinimui.pdf<\/a><\/p>\n","protected":false},"excerpt":{"rendered":"<p>Nuostatai spausdinimui.pdf &nbsp; TIKSLAS IR U\u017dDAVINIAI Kauno \u201eMedeinos\u201c \u010dempionatas vykdomas siekiant populiarinti orientavimosi sport\u0105 Kaune bei \u0161alyje, i\u0161ai\u0161kinti paj\u0117giausius sportininkus visose am\u017eiaus grup\u0117se, geriau pasiruo\u0161ti likusiam orientavimosi sezonui. Var\u017eybos \u012ftrauktos \u012f 2015 m. OLIF\u0116JOS veteran\u0173 taur\u0117s \u012fskait\u0105. &nbsp; VAR\u017dYB\u0172 DATA 2015 m. gegu\u017e\u0117s m\u0117n. 16 d. (\u0161e\u0161tadienis), startas 12 val. Atvykimas ir dalyvi\u0173 registracija starto<a class=\"read-more \" href=\"http:\/\/www.medeina.lt\/?page_id=1046\" title=\"Read More\"> <span class=\"button default\">Read More<\/span><\/a><\/p>\n","protected":false},"author":1,"featured_media":0,"parent":0,"menu_order":0,"comment_status":"closed","ping_status":"closed","template":"","meta":[],"_links":{"self":[{"href":"http:\/\/www.medeina.lt\/index.php?rest_route=\/wp\/v2\/pages\/1046"}],"collection":[{"href":"http:\/\/www.medeina.lt\/index.php?rest_route=\/wp\/v2\/pages"}],"about":[{"href":"http:\/\/www.medeina.lt\/index.php?rest_route=\/wp\/v2\/types\/page"}],"author":[{"embeddable":true,"href":"http:\/\/www.medeina.lt\/index.php?rest_route=\/wp\/v2\/users\/1"}],"replies":[{"embeddable":true,"href":"http:\/\/www.medeina.lt\/index.php?rest_route=%2Fwp%2Fv2%2Fcomments&post=1046"}],"version-history":[{"count":43,"href":"http:\/\/www.medeina.lt\/index.php?rest_route=\/wp\/v2\/pages\/1046\/revisions"}],"predecessor-version":[{"id":1286,"href":"http:\/\/www.medeina.lt\/index.php?rest_route=\/wp\/v2\/pages\/1046\/revisions\/1286"}],"wp:attachment":[{"href":"http:\/\/www.medeina.lt\/index.php?rest_route=%2Fwp%2Fv2%2Fmedia&parent=1046"}],"curies":[{"name":"wp","href":"https:\/\/api.w.org\/{rel}","templated":true}]}}