{"id":1028,"date":"2015-02-04T08:00:43","date_gmt":"2015-02-04T08:00:43","guid":{"rendered":"http:\/\/www.medeina.lt\/?page_id=1028"},"modified":"2015-03-24T07:04:07","modified_gmt":"2015-03-24T07:04:07","slug":"xli-orientavimosi-sporto-varzybu-%e2%80%9ekauno-estafete%e2%80%9c","status":"publish","type":"page","link":"http:\/\/www.medeina.lt\/?page_id=1028","title":{"rendered":"XLI ORIENTAVIMOSI SPORTO VAR\u017dYB\u0172 \u201eKAUNO ESTAFET\u0116\u201c NUOSTATAI"},"content":{"rendered":"<p><a href=\"http:\/\/www.medeina.lt\/nuostatai\/kauno_estaf_2015.doc\">Nuostatai spausdinimui .doc<\/a><\/p>\n<p>&nbsp;<\/p>\n<p><strong>TIKSLAI<\/strong><\/p>\n<p>I\u0161saugoti ilgiausiai rengiamas tradicines orientavimosi sporto estafe\u010di\u0173 var\u017eybas Lietuvoje;<br \/>\nSkatinti \u017emones reguliariai sportuoti, populiarinti orientavimosi sport\u0105;<br \/>\n\u012edomiai prad\u0117ti 2015 m. orientavimosi sporto sezon\u0105;<br \/>\nPrisid\u0117ti prie skatinimo nesiburti \u012f komandas M\/V 65 grupi\u0173 dalyvius.<\/p>\n<p>&nbsp;<\/p>\n<p><strong>RENG\u0116JAI<\/strong><\/p>\n<p>Osk \u201eMedeina\u201c, vyr. teis\u0117jas Skirmantas Ramo\u0161ka, vyr. sekretorius Jonas Gediminas Gvildys, trasos vir\u0161ininkas Gintautas \u016asas (Osk \u201eJavonis\u201c).<\/p>\n<p>&nbsp;<\/p>\n<p><strong>DATA<\/strong><\/p>\n<p>2015 m. baland\u017eio 12 d. Pirmas startas grup\u0117ms 12.00 val.<\/p>\n<p>&nbsp;<\/p>\n<p><strong>VIETA<\/strong><\/p>\n<p>Varnab\u016bd\u0117s mi\u0161kas. Nuo kelio Sasnava \u2013 Igli\u0161k\u0117liai \u012f rytus.<\/p>\n<p>&nbsp;<\/p>\n<p><strong>\u017dEM\u0116LAPIS<\/strong><\/p>\n<p>Sudarytas 2011 m., atnaujintas 2015 m. kovo m\u0117n., mastelis 1 : 10 000, tarp horizontali\u0173 2,5 m.<\/p>\n<p>&nbsp;<\/p>\n<p><strong> GRUP\u0116S <\/strong><\/p>\n<p>M (moterys), V (vyrai) 12, 14, 16, 18, 21, 35, 45, 55 trij\u0173, 65 dviej\u0173 etap\u0173 estafet\u0117.<\/p>\n<p>&nbsp;<\/p>\n<p><strong>REGISTRACIJA<\/strong><\/p>\n<p><a href=\"https:\/\/dbtopas.lt\/takas\/lt\/varz\/2015016\" target=\"_blank\">DBTopas<\/a>, iki 2015 m. baland\u017eio 7 d. 4 val.<\/p>\n<p>&nbsp;<\/p>\n<p><strong>STARTO MOKESTIS<\/strong><\/p>\n<p>Grup\u0117ms M, V 12, 14, 16, 18 \u2013 8 Eur komandai, grup\u0117ms M, V 21, 35, 45, 55 \u2013 20 Eur komandai, M, V 65 \u2013 13 Eur komandai.<br \/>\nU\u017esiregistrav\u0119 bet nestartav\u0119 dalyviai moka pus\u0117s starto mokes\u010dio dyd\u017eio baud\u0105. Starto mokestis ar bauda mokami var\u017eyb\u0173 vietoje arba \u012f banko s\u0105skait\u0105:<br \/>\nGav\u0117jas: Kauno miesto orientavimosi sporto klubas \u201eMedeina\u201d, kodas: 193223913<br \/>\ns\u0105skaita: LT89 7044 0600 0310 4436, bankas: AB SEB bankas, banko kodas: 70440.<\/p>\n<p>&nbsp;<\/p>\n<p><strong>ATSI\u017dYM\u0116JIMAS<\/strong><\/p>\n<p>SportIdent (SI) sistema. SI kortel\u0117s nuoma jos neturintiems \u2013 0,3 Eur gimusiems 1997 m. ir v\u0117liau, kitiems 1 Eur. Daugiau nei vienam dalyviui naudotis ta pa\u010dia SI kortele draud\u017eiama. Negra\u017einus SI kortel\u0117s organizatoriams mokama kortel\u0117s vert\u0117s bauda.<\/p>\n<p>&nbsp;<\/p>\n<p><strong>APDOVANOJIMAS<\/strong><br \/>\nKomandos prizinink\u0117s, atsi\u017evelgiant \u012f startavusi\u0173 komand\u0173 skai\u010di\u0173, kiekvienoje grup\u0117je apdovanojamos prizais.<br \/>\n&nbsp;<\/p>\n<p><strong>KITA<\/strong><\/p>\n<p>Suaugusieji u\u017e savo sveikat\u0105 atsako patys, u\u017e moksleivi\u0173 sveikat\u0105 atsako j\u0173 treneriai.<\/p>\n<p>&nbsp;<\/p>\n<p><a href=\"http:\/\/www.medeina.lt\/nuostatai\/kauno_estaf_2015.doc\">Nuostatai spausdinimui .doc<\/a><\/p>\n","protected":false},"excerpt":{"rendered":"<p>Nuostatai spausdinimui .doc &nbsp; TIKSLAI I\u0161saugoti ilgiausiai rengiamas tradicines orientavimosi sporto estafe\u010di\u0173 var\u017eybas Lietuvoje; Skatinti \u017emones reguliariai sportuoti, populiarinti orientavimosi sport\u0105; \u012edomiai prad\u0117ti 2015 m. orientavimosi sporto sezon\u0105; Prisid\u0117ti prie skatinimo nesiburti \u012f komandas M\/V 65 grupi\u0173 dalyvius. &nbsp; RENG\u0116JAI Osk \u201eMedeina\u201c, vyr. teis\u0117jas Skirmantas Ramo\u0161ka, vyr. sekretorius Jonas Gediminas Gvildys, trasos vir\u0161ininkas Gintautas \u016asas<a class=\"read-more \" href=\"http:\/\/www.medeina.lt\/?page_id=1028\" title=\"Read More\"> <span class=\"button default\">Read More<\/span><\/a><\/p>\n","protected":false},"author":1,"featured_media":0,"parent":0,"menu_order":0,"comment_status":"closed","ping_status":"closed","template":"","meta":[],"_links":{"self":[{"href":"http:\/\/www.medeina.lt\/index.php?rest_route=\/wp\/v2\/pages\/1028"}],"collection":[{"href":"http:\/\/www.medeina.lt\/index.php?rest_route=\/wp\/v2\/pages"}],"about":[{"href":"http:\/\/www.medeina.lt\/index.php?rest_route=\/wp\/v2\/types\/page"}],"author":[{"embeddable":true,"href":"http:\/\/www.medeina.lt\/index.php?rest_route=\/wp\/v2\/users\/1"}],"replies":[{"embeddable":true,"href":"http:\/\/www.medeina.lt\/index.php?rest_route=%2Fwp%2Fv2%2Fcomments&post=1028"}],"version-history":[{"count":7,"href":"http:\/\/www.medeina.lt\/index.php?rest_route=\/wp\/v2\/pages\/1028\/revisions"}],"predecessor-version":[{"id":1084,"href":"http:\/\/www.medeina.lt\/index.php?rest_route=\/wp\/v2\/pages\/1028\/revisions\/1084"}],"wp:attachment":[{"href":"http:\/\/www.medeina.lt\/index.php?rest_route=%2Fwp%2Fv2%2Fmedia&parent=1028"}],"curies":[{"name":"wp","href":"https:\/\/api.w.org\/{rel}","templated":true}]}}